{"id":9558,"date":"2021-04-20T09:12:55","date_gmt":"2021-04-20T09:12:55","guid":{"rendered":"https:\/\/agrolefkas.gr\/?page_id=9558"},"modified":"2022-03-30T18:02:27","modified_gmt":"2022-03-30T18:02:27","slug":"%ce%b5%cf%80%ce%b9%ce%ba%ce%bf%ce%b9%ce%bd%cf%89%ce%bd%ce%af%ce%b1","status":"publish","type":"page","link":"https:\/\/agrolefkas.gr\/de\/%ce%b5%cf%80%ce%b9%ce%ba%ce%bf%ce%b9%ce%bd%cf%89%ce%bd%ce%af%ce%b1\/","title":{"rendered":"Kontakt"},"content":{"rendered":"<div class=\"vc_row wpb_row vc_row-fluid\"><div class=\"wpb_column vc_column_container vc_col-sm-12\"><div class=\"vc_column-inner\"><div class=\"wpb_wrapper\"><div class=\"ult-spacer spacer-6a03246d7c26b\" data-id=\"6a03246d7c26b\" data-height=\"50\" data-height-mobile=\"50\" data-height-tab=\"50\" data-height-tab-portrait=\"50\" data-height-mobile-landscape=\"50\" style=\"clear:both;display:block;\"><\/div><\/div><\/div><\/div><\/div><div class=\"vc_row wpb_row vc_row-fluid\"><div class=\"rs_col-sm-12 wpb_column vc_column_container vc_col-sm-5\"><div class=\"vc_column-inner\"><div class=\"wpb_wrapper\"><div class='dt-sc-title script-with-sub-title'><h2><\/h2><h3>Rufen Sie uns an<\/h3><\/div><div class='dt-sc-title script-with-sub-title'><h2><\/h2><h3><strong>in den Zahlen unten<\/strong><\/h3><\/div><ul class='dt-sc-fancy-list  black  mobile'>\n<li>\n<h3><strong>Roboter-Engel<\/strong> +306975462678<\/h3>\n<\/li>\n<li>\n<h3><strong>Athanasios Robotis:<\/strong> +306972763576<\/h3>\n<\/li>\n<\/ul><\/div><\/div><\/div><div class=\"rs_col-sm-12 wpb_column vc_column_container vc_col-sm-1\"><div class=\"vc_column-inner\"><div class=\"wpb_wrapper\"><\/div><\/div><\/div><div class=\"rs_col-sm-12 wpb_column vc_column_container vc_col-sm-6\"><div class=\"vc_column-inner\"><div class=\"wpb_wrapper\"><div class='dt-sc-title script-with-sub-title'><h2><\/h2><h3>Auff\u00fchren <strong>Kommunikation<\/strong><\/h3><\/div><div role=\"form\" class=\"wpcf7\" id=\"wpcf7-f8569-o1\" lang=\"en-US\" dir=\"ltr\">\n<div class=\"screen-reader-response\"><p role=\"status\" aria-live=\"polite\" aria-atomic=\"true\"><\/p> <ul><\/ul><\/div>\n<form action=\"\/de\/wp-json\/wp\/v2\/pages\/9558#wpcf7-f8569-o1\" method=\"post\" class=\"wpcf7-form init\" novalidate=\"novalidate\" data-status=\"init\" data-trp-original-action=\"\/de\/wp-json\/wp\/v2\/pages\/9558#wpcf7-f8569-o1\">\n<div style=\"display: none;\">\n<input type=\"hidden\" name=\"_wpcf7\" value=\"8569\" \/>\n<input type=\"hidden\" name=\"_wpcf7_version\" value=\"5.6.4\" \/>\n<input type=\"hidden\" name=\"_wpcf7_locale\" value=\"en_US\" \/>\n<input type=\"hidden\" name=\"_wpcf7_unit_tag\" value=\"wpcf7-f8569-o1\" \/>\n<input type=\"hidden\" name=\"_wpcf7_container_post\" value=\"0\" \/>\n<input type=\"hidden\" name=\"_wpcf7_posted_data_hash\" value=\"\" \/>\n<\/div>\n<div class=\"vc_row wpb_row vc_row-fluid\"><div class=\"wpb_column vc_column_container vc_col-sm-6\"><div class=\"vc_column-inner\"><div class=\"wpb_wrapper\"><span class=\"wpcf7-form-control-wrap\" data-name=\"text-538\"><input type=\"text\" name=\"text-538\" value=\"\" size=\"40\" class=\"wpcf7-form-control wpcf7-text wpcf7-validates-as-required\" aria-required=\"true\" aria-invalid=\"false\" placeholder=\"Name\" \/><\/span><\/div><\/div><\/div><div class=\"wpb_column vc_column_container vc_col-sm-6\"><div class=\"vc_column-inner\"><div class=\"wpb_wrapper\"><span class=\"wpcf7-form-control-wrap\" data-name=\"text-538\"><input type=\"text\" name=\"text-538\" value=\"\" size=\"40\" class=\"wpcf7-form-control wpcf7-text wpcf7-validates-as-required\" aria-required=\"true\" aria-invalid=\"false\" placeholder=\"Adjektiv\" \/><\/span><\/div><\/div><\/div><div class=\"vc_empty_space\"   style=\"height: 30px\"><span class=\"vc_empty_space_inner\"><\/span><\/div><div class='dt-sc-clear'> <\/div><div class=\"wpb_column vc_column_container vc_col-sm-6\"><div class=\"vc_column-inner\"><div class=\"wpb_wrapper\"><span class=\"wpcf7-form-control-wrap\" data-name=\"email-259\"><input type=\"email\" name=\"email-259\" value=\"\" size=\"40\" class=\"wpcf7-form-control wpcf7-text wpcf7-email wpcf7-validates-as-required wpcf7-validates-as-email\" aria-required=\"true\" aria-invalid=\"false\" placeholder=\"Email\" \/><\/span><\/div><\/div><\/div><div class=\"wpb_column vc_column_container vc_col-sm-6\"><div class=\"vc_column-inner\"><div class=\"wpb_wrapper\"><span class=\"wpcf7-form-control-wrap\" data-name=\"tel-828\"><input type=\"tel\" name=\"tel-828\" value=\"\" size=\"40\" class=\"wpcf7-form-control wpcf7-text wpcf7-tel wpcf7-validates-as-tel\" aria-invalid=\"false\" placeholder=\"Telefon\" \/><\/span><\/div><\/div><\/div><div class=\"vc_empty_space\"   style=\"height: 30px\"><span class=\"vc_empty_space_inner\"><\/span><\/div><div class='dt-sc-clear'> <\/div><div class=\"wpb_column vc_column_container vc_col-sm-12\"><div class=\"vc_column-inner\"><div class=\"wpb_wrapper\"><span class=\"wpcf7-form-control-wrap\" data-name=\"textarea-657\"><textarea name=\"textarea-657\" cols=\"40\" rows=\"10\" class=\"wpcf7-form-control wpcf7-textarea\" aria-invalid=\"false\" placeholder=\"Nachricht\"><\/textarea><\/span><div class=\"vc_empty_space\"   style=\"height: 30px\"><span class=\"vc_empty_space_inner\"><\/span><\/div><input type=\"submit\" value=\"Nachricht senden\" class=\"wpcf7-form-control has-spinner wpcf7-submit\" \/><\/div><\/div><\/div><\/div>\n<p style=\"display: none !important;\"><label>&#916;<textarea name=\"_wpcf7_ak_hp_textarea\" cols=\"45\" rows=\"8\" maxlength=\"100\"><\/textarea><\/label><input type=\"hidden\" id=\"ak_js_1\" name=\"_wpcf7_ak_js\" value=\"100\"\/><script>document.getElementById( \"ak_js_1\" ).setAttribute( \"value\", ( new Date() ).getTime() );<\/script><\/p><div class=\"wpcf7-response-output\" aria-hidden=\"true\"><\/div><input type=\"hidden\" name=\"trp-form-language\" value=\"de\"\/><\/form><\/div><\/div><\/div><\/div><\/div><div class=\"vc_row wpb_row vc_row-fluid\"><div class=\"wpb_column vc_column_container vc_col-sm-12\"><div class=\"vc_column-inner\"><div class=\"wpb_wrapper\"><div class=\"ult-spacer spacer-6a03246d7dace\" data-id=\"6a03246d7dace\" data-height=\"100\" data-height-mobile=\"50\" data-height-tab=\"80\" data-height-tab-portrait=\"80\" data-height-mobile-landscape=\"50\" style=\"clear:both;display:block;\"><\/div><\/div><\/div><\/div><\/div><div data-vc-full-width=\"true\" data-vc-full-width-init=\"false\" data-vc-stretch-content=\"true\" data-vc-parallax=\"1.5\" data-vc-parallax-image=\"\" class=\"vc_row wpb_row vc_row-fluid vc_custom_1517918920517 vc_row-has-fill vc_row-no-padding vc_row-o-equal-height vc_row-o-content-middle vc_row-flex vc_general vc_parallax vc_parallax-content-moving\"><div class=\"dt-sc-quaternary-skin-highlight no-margin wpb_column vc_column_container vc_col-sm-6\"><div class=\"vc_column-inner\"><div class=\"wpb_wrapper\"><div class=\"ult-spacer spacer-6a03246d7e268\" data-id=\"6a03246d7e268\" data-height=\"50\" data-height-mobile=\"50\" data-height-tab=\"50\" data-height-tab-portrait=\"\" data-height-mobile-landscape=\"\" style=\"clear:both;display:block;\"><\/div><div class='dt-sc-title script-with-sub-title aligncenter'><h6><\/h6><h2>Sie sagten <strong>F\u00fcr unser Unternehmen<\/strong><\/h2><\/div><div class=\"ult-spacer spacer-6a03246d7e288\" data-id=\"6a03246d7e288\" data-height=\"30\" data-height-mobile=\"30\" data-height-tab=\"30\" data-height-tab-portrait=\"\" data-height-mobile-landscape=\"\" style=\"clear:both;display:block;\"><\/div><\/div><\/div><\/div><div class=\"dt-sc-skin-highlight dt-sc-dark-bg no-margin wpb_column vc_column_container vc_col-sm-6\"><div class=\"vc_column-inner vc_custom_1501849674193\"><div class=\"wpb_wrapper\"><div class=\"ult-spacer spacer-6a03246d7e3ef\" data-id=\"6a03246d7e3ef\" data-height=\"100\" data-height-mobile=\"100\" data-height-tab=\"100\" data-height-tab-portrait=\"\" data-height-mobile-landscape=\"\" style=\"clear:both;display:block;\"><\/div><div class='dt-sc-testimonial-wrapper carousel_items type1' data-animation='scroll'><ul class=\"dt-sc-testimonial-carousel\"><li><div class='dt-sc-testimonial type1'><div class=\"dt-sc-testimonial-author\"><cite>Panagiotis Redzepopoulos<small>Gesch\u00e4ftsmann<\/small><\/cite><\/div><div class=\"dt-sc-testimonial-quote\"><blockquote> <q>Agrofefkas sind hervorragende Unternehmer, aber vor allem mit Werten und Prinzipien. In den Jahren unserer Zusammenarbeit haben sie bewiesen, dass sie ihr Wissen und ihre Erfahrung sehr gro\u00dfz\u00fcgig an ihre Partner weitergeben, sich um die Menschen um sie herum k\u00fcmmern und beharrlich die gesetzten Ziele erreichen. Sicher ist, dass jeder Partner neben ihnen in einem sehr positiven Arbeitsumfeld viel zu gewinnen hat.<\/q> <\/blockquote><\/div><\/div><\/li><\/ul><div class=\"carousel-arrows\">\t<a href=\"#\" class=\"testimonial-prev\"> <\/a>\t<a href=\"#\" class=\"testimonial-next\"> <\/a><\/div><\/div><div class=\"ult-spacer spacer-6a03246d7e4bd\" data-id=\"6a03246d7e4bd\" data-height=\"70\" data-height-mobile=\"70\" data-height-tab=\"70\" data-height-tab-portrait=\"\" data-height-mobile-landscape=\"\" style=\"clear:both;display:block;\"><\/div><\/div><\/div><\/div><\/div><div class=\"vc_row-full-width vc_clearfix\"><\/div><!-- Row Backgrounds --><div class=\"vc_row wpb_row vc_row-fluid\"><div class=\"wpb_column vc_column_container vc_col-sm-12\"><div class=\"vc_column-inner\"><div class=\"wpb_wrapper\"><div class=\"ult-spacer spacer-6a03246d7e84a\" data-id=\"6a03246d7e84a\" data-height=\"90\" data-height-mobile=\"90\" data-height-tab=\"90\" data-height-tab-portrait=\"\" data-height-mobile-landscape=\"\" style=\"clear:both;display:block;\"><\/div><div class='dt-sc-title script-with-sub-title aligncenter'><h6><\/h6><h2>Das <strong>unsere Kunden <\/strong><\/h2><\/div><div class=\"dt-sc-partners-carousel-wrapper\" data-scroll=\"1\" data-visible=\"10\"><ul class='dt-sc-partners-carousel'><li><img width=\"275\" height=\"183\" src=\"https:\/\/agrolefkas.gr\/wp-content\/uploads\/2022\/03\/images.jpg\" class=\"attachment-full\" alt=\"\" decoding=\"async\" loading=\"lazy\" \/><\/li><li><img width=\"262\" height=\"117\" src=\"https:\/\/agrolefkas.gr\/wp-content\/uploads\/2022\/03\/SI_New.jpg\" class=\"attachment-full\" alt=\"\" decoding=\"async\" loading=\"lazy\" \/><\/li><li><img width=\"225\" height=\"225\" src=\"https:\/\/agrolefkas.gr\/wp-content\/uploads\/2022\/03\/download.jpg\" class=\"attachment-full\" alt=\"\" decoding=\"async\" loading=\"lazy\" srcset=\"https:\/\/agrolefkas.gr\/wp-content\/uploads\/2022\/03\/download.jpg 225w, https:\/\/agrolefkas.gr\/wp-content\/uploads\/2022\/03\/download-150x150.jpg 150w\" sizes=\"(max-width: 225px) 100vw, 225px\" \/><\/li><li><img width=\"239\" height=\"203\" src=\"https:\/\/agrolefkas.gr\/wp-content\/uploads\/2022\/03\/Hnet.com-image.png\" class=\"attachment-full\" alt=\"\" decoding=\"async\" loading=\"lazy\" \/><\/li><li><img width=\"145\" height=\"80\" src=\"https:\/\/agrolefkas.gr\/wp-content\/uploads\/2022\/03\/images5.png\" class=\"attachment-full\" alt=\"\" decoding=\"async\" loading=\"lazy\" \/><\/li><\/ul><div class=\"carousel-arrows\"><a href=\"\" class=\"partners-prev\"> <\/a><a href=\"\" class=\"partners-next\"> <\/a><\/div><\/div><div class=\"ult-spacer spacer-6a03246d809c0\" data-id=\"6a03246d809c0\" data-height=\"45\" data-height-mobile=\"45\" data-height-tab=\"45\" data-height-tab-portrait=\"\" data-height-mobile-landscape=\"\" style=\"clear:both;display:block;\"><\/div><\/div><\/div><\/div><\/div><div data-vc-full-width=\"true\" data-vc-full-width-init=\"false\" data-vc-stretch-content=\"true\" class=\"vc_row wpb_row vc_row-fluid service-offer-section vc_row-no-padding vc_row-o-equal-height vc_row-o-content-middle vc_row-flex\"><div class=\"dt-skin-secondary-bg aligncenter dt-sc-dark-bg wpb_column vc_column_container vc_col-sm-6\"><div class=\"vc_column-inner vc_custom_1521541341234\"><div class=\"wpb_wrapper\"><h3 class=\"strong\">Lassen Sie uns etwas f\u00fcr die Umwelt tun...<\/h3><\/div><\/div><\/div><div class=\"dt-sc-skin-highlight aligncenter dt-sc-dark-bg wpb_column vc_column_container vc_col-sm-6\"><div class=\"vc_column-inner vc_custom_1501912137842\"><div class=\"wpb_wrapper\"><h3 class=\"strong\">Lasst uns diese Erde als einen besseren Ort hinterlassen als zuvor!<\/h3><\/div><\/div><\/div><\/div><div class=\"vc_row-full-width vc_clearfix\"><\/div>","protected":false},"excerpt":{"rendered":"Rufen Sie uns unter den folgenden Nummern an: Angelos Robotis +306975462678 Athanassios Robotis: +306972763576 Kontaktliste DIipan \u00dcber unser Unternehmen Panagiotis Redzepopoulos Unternehmer Agrofefkas sind ausgezeichnete Unternehmer, aber vor allem mit Werten und Prinzipien. In den Jahren unserer Zusammenarbeit haben sie bewiesen, dass sie ihr Wissen und ihre Erfahrung sehr gro\u00dfz\u00fcgig an ihre Partner weitergeben, ihnen ein Anliegen sind, [...]","protected":false},"author":1,"featured_media":0,"parent":0,"menu_order":0,"comment_status":"closed","ping_status":"closed","template":"","meta":{"_mi_skip_tracking":false},"yoast_head":"<!-- This site is optimized with the Yoast SEO plugin v20.2.1 - https:\/\/yoast.com\/wordpress\/plugins\/seo\/ -->\n<title>\u0395\u03c0\u03b9\u03ba\u03bf\u03b9\u03bd\u03c9\u03bd\u03af\u03b1 - Agrolefkas | \u039b\u03b5\u03c5\u03ba\u03ac\u03b4\u03b1<\/title>\n<meta name=\"robots\" content=\"index, follow, max-snippet:-1, max-image-preview:large, max-video-preview:-1\" \/>\n<link rel=\"canonical\" href=\"https:\/\/agrolefkas.gr\/de\/\u03b5\u03c0\u03b9\u03ba\u03bf\u03b9\u03bd\u03c9\u03bd\u03af\u03b1\/\" \/>\n<meta property=\"og:locale\" content=\"de_DE\" \/>\n<meta property=\"og:type\" content=\"article\" \/>\n<meta property=\"og:title\" content=\"\u0395\u03c0\u03b9\u03ba\u03bf\u03b9\u03bd\u03c9\u03bd\u03af\u03b1 - Agrolefkas | \u039b\u03b5\u03c5\u03ba\u03ac\u03b4\u03b1\" \/>\n<meta property=\"og:url\" content=\"https:\/\/agrolefkas.gr\/de\/\u03b5\u03c0\u03b9\u03ba\u03bf\u03b9\u03bd\u03c9\u03bd\u03af\u03b1\/\" \/>\n<meta property=\"og:site_name\" content=\"Agrolefkas | \u039b\u03b5\u03c5\u03ba\u03ac\u03b4\u03b1\" \/>\n<meta property=\"article:publisher\" content=\"https:\/\/www.facebook.com\/rompotisaggelos\/\" \/>\n<meta property=\"article:modified_time\" content=\"2022-03-30T18:02:27+00:00\" \/>\n<meta name=\"twitter:card\" content=\"summary_large_image\" \/>\n<meta name=\"twitter:label1\" content=\"Gesch\u00e4tzte Lesezeit\" \/>\n\t<meta name=\"twitter:data1\" content=\"2\u00a0Minuten\" \/>\n<script type=\"application\/ld+json\" class=\"yoast-schema-graph\">{\"@context\":\"https:\/\/schema.org\",\"@graph\":[{\"@type\":\"WebPage\",\"@id\":\"https:\/\/agrolefkas.gr\/en\/%ce%b5%cf%80%ce%b9%ce%ba%ce%bf%ce%b9%ce%bd%cf%89%ce%bd%ce%af%ce%b1\/\",\"url\":\"https:\/\/agrolefkas.gr\/en\/%ce%b5%cf%80%ce%b9%ce%ba%ce%bf%ce%b9%ce%bd%cf%89%ce%bd%ce%af%ce%b1\/\",\"name\":\"\u0395\u03c0\u03b9\u03ba\u03bf\u03b9\u03bd\u03c9\u03bd\u03af\u03b1 - Agrolefkas | \u039b\u03b5\u03c5\u03ba\u03ac\u03b4\u03b1\",\"isPartOf\":{\"@id\":\"https:\/\/agrolefkas.gr\/#website\"},\"datePublished\":\"2021-04-20T09:12:55+00:00\",\"dateModified\":\"2022-03-30T18:02:27+00:00\",\"breadcrumb\":{\"@id\":\"https:\/\/agrolefkas.gr\/en\/%ce%b5%cf%80%ce%b9%ce%ba%ce%bf%ce%b9%ce%bd%cf%89%ce%bd%ce%af%ce%b1\/#breadcrumb\"},\"inLanguage\":\"de\",\"potentialAction\":[{\"@type\":\"ReadAction\",\"target\":[\"https:\/\/agrolefkas.gr\/en\/%ce%b5%cf%80%ce%b9%ce%ba%ce%bf%ce%b9%ce%bd%cf%89%ce%bd%ce%af%ce%b1\/\"]}]},{\"@type\":\"BreadcrumbList\",\"@id\":\"https:\/\/agrolefkas.gr\/en\/%ce%b5%cf%80%ce%b9%ce%ba%ce%bf%ce%b9%ce%bd%cf%89%ce%bd%ce%af%ce%b1\/#breadcrumb\",\"itemListElement\":[{\"@type\":\"ListItem\",\"position\":1,\"name\":\"Home\",\"item\":\"https:\/\/agrolefkas.gr\/\"},{\"@type\":\"ListItem\",\"position\":2,\"name\":\"\u0395\u03c0\u03b9\u03ba\u03bf\u03b9\u03bd\u03c9\u03bd\u03af\u03b1\"}]},{\"@type\":\"WebSite\",\"@id\":\"https:\/\/agrolefkas.gr\/#website\",\"url\":\"https:\/\/agrolefkas.gr\/\",\"name\":\"Agrolefkas | \u039b\u03b5\u03c5\u03ba\u03ac\u03b4\u03b1\",\"description\":\"\u0391\u03a0\u0395\u039d\u03a4\u039f\u039c\u03a9\u03a3\u0395\u0399\u03a3,  \u039c\u03a5\u039f\u039a\u03a4\u039f\u039d\u0399\u0395\u03a3,  \u0391\u03a0\u039f\u039b\u03a5\u039c\u0391\u039d\u03a3\u0395\u0399\u03a3, \u039b\u0395\u03a5\u039a\u0391\u0394\u0391\",\"publisher\":{\"@id\":\"https:\/\/agrolefkas.gr\/#organization\"},\"potentialAction\":[{\"@type\":\"SearchAction\",\"target\":{\"@type\":\"EntryPoint\",\"urlTemplate\":\"https:\/\/agrolefkas.gr\/?s={search_term_string}\"},\"query-input\":\"required name=search_term_string\"}],\"inLanguage\":\"de\"},{\"@type\":\"Organization\",\"@id\":\"https:\/\/agrolefkas.gr\/#organization\",\"name\":\"Agrolefkas | \u039b\u03b5\u03c5\u03ba\u03ac\u03b4\u03b1\",\"url\":\"https:\/\/agrolefkas.gr\/\",\"logo\":{\"@type\":\"ImageObject\",\"inLanguage\":\"de\",\"@id\":\"https:\/\/agrolefkas.gr\/#\/schema\/logo\/image\/\",\"url\":\"https:\/\/agrolefkas.gr\/wp-content\/uploads\/2021\/04\/logo_transparent.png\",\"contentUrl\":\"https:\/\/agrolefkas.gr\/wp-content\/uploads\/2021\/04\/logo_transparent.png\",\"width\":4358,\"height\":3306,\"caption\":\"Agrolefkas | \u039b\u03b5\u03c5\u03ba\u03ac\u03b4\u03b1\"},\"image\":{\"@id\":\"https:\/\/agrolefkas.gr\/#\/schema\/logo\/image\/\"},\"sameAs\":[\"https:\/\/www.facebook.com\/rompotisaggelos\/\"]}]}<\/script>\n<!-- \/ Yoast SEO plugin. -->","yoast_head_json":{"title":"\u0395\u03c0\u03b9\u03ba\u03bf\u03b9\u03bd\u03c9\u03bd\u03af\u03b1 - Agrolefkas | \u039b\u03b5\u03c5\u03ba\u03ac\u03b4\u03b1","robots":{"index":"index","follow":"follow","max-snippet":"max-snippet:-1","max-image-preview":"max-image-preview:large","max-video-preview":"max-video-preview:-1"},"canonical":"https:\/\/agrolefkas.gr\/de\/\u03b5\u03c0\u03b9\u03ba\u03bf\u03b9\u03bd\u03c9\u03bd\u03af\u03b1\/","og_locale":"de_DE","og_type":"article","og_title":"\u0395\u03c0\u03b9\u03ba\u03bf\u03b9\u03bd\u03c9\u03bd\u03af\u03b1 - Agrolefkas | \u039b\u03b5\u03c5\u03ba\u03ac\u03b4\u03b1","og_url":"https:\/\/agrolefkas.gr\/de\/\u03b5\u03c0\u03b9\u03ba\u03bf\u03b9\u03bd\u03c9\u03bd\u03af\u03b1\/","og_site_name":"Agrolefkas | \u039b\u03b5\u03c5\u03ba\u03ac\u03b4\u03b1","article_publisher":"https:\/\/www.facebook.com\/rompotisaggelos\/","article_modified_time":"2022-03-30T18:02:27+00:00","twitter_card":"summary_large_image","twitter_misc":{"Gesch\u00e4tzte Lesezeit":"2\u00a0Minuten"},"schema":{"@context":"https:\/\/schema.org","@graph":[{"@type":"WebPage","@id":"https:\/\/agrolefkas.gr\/en\/%ce%b5%cf%80%ce%b9%ce%ba%ce%bf%ce%b9%ce%bd%cf%89%ce%bd%ce%af%ce%b1\/","url":"https:\/\/agrolefkas.gr\/en\/%ce%b5%cf%80%ce%b9%ce%ba%ce%bf%ce%b9%ce%bd%cf%89%ce%bd%ce%af%ce%b1\/","name":"\u0395\u03c0\u03b9\u03ba\u03bf\u03b9\u03bd\u03c9\u03bd\u03af\u03b1 - Agrolefkas | \u039b\u03b5\u03c5\u03ba\u03ac\u03b4\u03b1","isPartOf":{"@id":"https:\/\/agrolefkas.gr\/#website"},"datePublished":"2021-04-20T09:12:55+00:00","dateModified":"2022-03-30T18:02:27+00:00","breadcrumb":{"@id":"https:\/\/agrolefkas.gr\/en\/%ce%b5%cf%80%ce%b9%ce%ba%ce%bf%ce%b9%ce%bd%cf%89%ce%bd%ce%af%ce%b1\/#breadcrumb"},"inLanguage":"de","potentialAction":[{"@type":"ReadAction","target":["https:\/\/agrolefkas.gr\/en\/%ce%b5%cf%80%ce%b9%ce%ba%ce%bf%ce%b9%ce%bd%cf%89%ce%bd%ce%af%ce%b1\/"]}]},{"@type":"BreadcrumbList","@id":"https:\/\/agrolefkas.gr\/en\/%ce%b5%cf%80%ce%b9%ce%ba%ce%bf%ce%b9%ce%bd%cf%89%ce%bd%ce%af%ce%b1\/#breadcrumb","itemListElement":[{"@type":"ListItem","position":1,"name":"Home","item":"https:\/\/agrolefkas.gr\/"},{"@type":"ListItem","position":2,"name":"\u0395\u03c0\u03b9\u03ba\u03bf\u03b9\u03bd\u03c9\u03bd\u03af\u03b1"}]},{"@type":"WebSite","@id":"https:\/\/agrolefkas.gr\/#website","url":"https:\/\/agrolefkas.gr\/","name":"Agrolefkas | \u039b\u03b5\u03c5\u03ba\u03ac\u03b4\u03b1","description":"\u0391\u03a0\u0395\u039d\u03a4\u039f\u039c\u03a9\u03a3\u0395\u0399\u03a3,  \u039c\u03a5\u039f\u039a\u03a4\u039f\u039d\u0399\u0395\u03a3,  \u0391\u03a0\u039f\u039b\u03a5\u039c\u0391\u039d\u03a3\u0395\u0399\u03a3, \u039b\u0395\u03a5\u039a\u0391\u0394\u0391","publisher":{"@id":"https:\/\/agrolefkas.gr\/#organization"},"potentialAction":[{"@type":"SearchAction","target":{"@type":"EntryPoint","urlTemplate":"https:\/\/agrolefkas.gr\/?s={search_term_string}"},"query-input":"required name=search_term_string"}],"inLanguage":"de"},{"@type":"Organization","@id":"https:\/\/agrolefkas.gr\/#organization","name":"Agrolefkas | \u039b\u03b5\u03c5\u03ba\u03ac\u03b4\u03b1","url":"https:\/\/agrolefkas.gr\/","logo":{"@type":"ImageObject","inLanguage":"de","@id":"https:\/\/agrolefkas.gr\/#\/schema\/logo\/image\/","url":"https:\/\/agrolefkas.gr\/wp-content\/uploads\/2021\/04\/logo_transparent.png","contentUrl":"https:\/\/agrolefkas.gr\/wp-content\/uploads\/2021\/04\/logo_transparent.png","width":4358,"height":3306,"caption":"Agrolefkas | \u039b\u03b5\u03c5\u03ba\u03ac\u03b4\u03b1"},"image":{"@id":"https:\/\/agrolefkas.gr\/#\/schema\/logo\/image\/"},"sameAs":["https:\/\/www.facebook.com\/rompotisaggelos\/"]}]}},"_links":{"self":[{"href":"https:\/\/agrolefkas.gr\/de\/wp-json\/wp\/v2\/pages\/9558"}],"collection":[{"href":"https:\/\/agrolefkas.gr\/de\/wp-json\/wp\/v2\/pages"}],"about":[{"href":"https:\/\/agrolefkas.gr\/de\/wp-json\/wp\/v2\/types\/page"}],"author":[{"embeddable":true,"href":"https:\/\/agrolefkas.gr\/de\/wp-json\/wp\/v2\/users\/1"}],"replies":[{"embeddable":true,"href":"https:\/\/agrolefkas.gr\/de\/wp-json\/wp\/v2\/comments?post=9558"}],"version-history":[{"count":30,"href":"https:\/\/agrolefkas.gr\/de\/wp-json\/wp\/v2\/pages\/9558\/revisions"}],"predecessor-version":[{"id":9724,"href":"https:\/\/agrolefkas.gr\/de\/wp-json\/wp\/v2\/pages\/9558\/revisions\/9724"}],"wp:attachment":[{"href":"https:\/\/agrolefkas.gr\/de\/wp-json\/wp\/v2\/media?parent=9558"}],"curies":[{"name":"wp","href":"https:\/\/api.w.org\/{rel}","templated":true}]}}