{"id":9789,"date":"2022-04-04T18:12:40","date_gmt":"2022-04-04T18:12:40","guid":{"rendered":"https:\/\/agrolefkas.gr\/?page_id=9789"},"modified":"2022-04-04T18:21:22","modified_gmt":"2022-04-04T18:21:22","slug":"%ce%ba%ce%b1%cf%84%cf%83%ce%b1%cf%81%ce%af%ce%b4%ce%b5%cf%82","status":"publish","type":"page","link":"https:\/\/agrolefkas.gr\/de\/%ce%ba%ce%b1%cf%84%cf%83%ce%b1%cf%81%ce%af%ce%b4%ce%b5%cf%82\/","title":{"rendered":"Kakerlaken"},"content":{"rendered":"<div class=\"vc_row wpb_row vc_row-fluid\"><div class=\"wpb_column vc_column_container vc_col-sm-12\"><div class=\"vc_column-inner\"><div class=\"wpb_wrapper\"><div class='dt-sc-title script-with-sub-title aligncenter'><h6>Wir k\u00fcmmern uns um die Umwelt<\/h6><h3>Kakerlaken<\/h3><\/div><div class=\"ult-spacer spacer-69e416398ab4a\" data-id=\"69e416398ab4a\" data-height=\"40\" data-height-mobile=\"20\" data-height-tab=\"30\" data-height-tab-portrait=\"30\" data-height-mobile-landscape=\"20\" style=\"clear:both;display:block;\"><\/div><\/div><\/div><\/div><\/div><div data-vc-full-width=\"true\" data-vc-full-width-init=\"false\" class=\"vc_row wpb_row vc_row-fluid\"><div class=\"wpb_column vc_column_container vc_col-sm-12\"><div class=\"vc_column-inner\"><div class=\"wpb_wrapper\"><div class=\"vc_row wpb_row vc_inner vc_row-fluid vc_row-o-equal-height vc_row-o-content-middle vc_row-flex\"><div class=\"wpb_column vc_column_container vc_col-sm-12\"><div class=\"vc_column-inner\"><div class=\"wpb_wrapper\">\r\n\t<div class=\"wpb_text_column wpb_content_element\" >\r\n\t\t<div class=\"wpb_wrapper\">\r\n\t\t\t<h5 class=\"font_8\">Kakerlaken sind eines der h\u00e4ufigsten Probleme, mit denen Menschen in Haushalten, Gesch\u00e4ften, Restaurants, Lagern usw.<\/h5>\n<h5 class=\"font_8\"><span class=\"wixGuard\">\u200b<\/span>Einige Arten leben in H\u00e4usern und sind potenzielle Krankheits\u00fcbertr\u00e4ger. Sie verderben Lebensmittel und k\u00f6nnen krankheitserregende Mikroorganismen verbreiten. Sie k\u00f6nnen auch allergische Reaktionen hervorrufen. Die wichtigsten von ihnen \u00fcbertragenen Krankheiten sind Salmonellen, Gastroenteritis und Ruhr.<\/h5>\n<h5 class=\"font_8\">Kakerlaken werden nicht ausschlie\u00dflich von einem &quot;unsauberen&quot; Haus angezogen. Sie k\u00f6nnen sich an jedem Ort ansiedeln.<\/h5>\n<h5 class=\"font_8\">Die h\u00e4ufigsten Arten, die angetroffen werden und behandelt werden m\u00fcssen, sind:<\/h5>\n<ol class=\"font_8\">\n<li>\n<h5 class=\"font_8\">Blatella germanica (kleine Schabe)<\/h5>\n<\/li>\n<li>\n<h5 class=\"font_8\">Blatta orientalis oder Periplaneta Americana (gro\u00dfe schwarze Schabe)<\/h5>\n<\/li>\n<\/ol>\n<h5 class=\"font_8\">Der Kampf gegen die kleine Schabe erfolgt mit speziellen Gelen. Das Gel wird mit einer Applikationspistole an \u201eversteckten\u201c Stellen aufgetragen. Die Anwendung des Gels erm\u00f6glicht eine schnelle Bek\u00e4mpfung eines Schabenbefalls und beugt dem n\u00e4chsten Befall lange vor.<\/h5>\n<h5 class=\"font_8\">Zur Bek\u00e4mpfung der gro\u00dfen Schabe werden neben dem Gel auch Restsprays mit Niederdruckspr\u00fchern ausgebracht.<\/h5>\n\r\n\t\t<\/div>\r\n\t<\/div>\r\n<\/div><\/div><\/div><\/div><div class=\"ult-spacer spacer-69e416398b56a\" data-id=\"69e416398b56a\" data-height=\"100\" data-height-mobile=\"30\" data-height-tab=\"50\" data-height-tab-portrait=\"50\" data-height-mobile-landscape=\"30\" style=\"clear:both;display:block;\"><\/div><\/div><\/div><\/div><\/div><div class=\"vc_row-full-width vc_clearfix\"><\/div><!-- Row Backgrounds --><\/p>","protected":false},"excerpt":{"rendered":"\u039d\u03bf\u03b9\u03b1\u03b6\u03cc\u03bc\u03b1\u03c3\u03c4\u03b5 \u03b3\u03b9\u03b1 \u03c4\u03bf \u03c0\u03b5\u03c1\u03b9\u03b2\u03ac\u03bb\u03bb\u03bf\u03bd\u039a\u03b1\u03c4\u03c3\u03b1\u03c1\u03af\u03b4\u03b5\u03c2 \u039f\u03b9\u00a0\u03ba\u03b1\u03c4\u03c3\u03b1\u03c1\u03af\u03b4\u03b5\u03c2\u00a0\u03b1\u03c0\u03bf\u03c4\u03b5\u03bb\u03bf\u03cd\u03bd \u03ad\u03bd\u03b1 \u03b1\u03c0\u03cc \u03c4\u03b1 \u03c0\u03b9\u03bf \u03c3\u03c5\u03c7\u03bd\u03ac \u03c0\u03c1\u03bf\u03b2\u03bb\u03ae\u03bc\u03b1\u03c4\u03b1 \u03c0\u03bf\u03c5 \u03ba\u03b1\u03bb\u03bf\u03cd\u03bd\u03c4\u03b1\u03b9 \u03bd\u03b1 \u03b1\u03bd\u03c4\u03b9\u03bc\u03b5\u03c4\u03c9\u03c0\u03af\u03c3\u03bf\u03c5\u03bd \u03bf\u03b9 \u03ac\u03bd\u03b8\u03c1\u03c9\u03c0\u03bf\u03b9 \u03c3\u03b5 \u03c3\u03c0\u03af\u03c4\u03b9\u03b1, \u03ba\u03b1\u03c4\u03b1\u03c3\u03c4\u03ae\u03bc\u03b1\u03c4\u03b1, \u03c7\u03ce\u03c1\u03bf\u03c5\u03c2 \u03b5\u03c3\u03c4\u03af\u03b1\u03c3\u03b7\u03c2, \u03b1\u03c0\u03bf\u03b8\u03ae\u03ba\u03b5\u03c2, \u03ba\u03bb\u03c0. \u200b\u039c\u03b5\u03c1\u03b9\u03ba\u03ac \u03b5\u03af\u03b4\u03b7 \u03b6\u03bf\u03c5\u03bd \u03c3\u03b5 \u03c3\u03c0\u03af\u03c4\u03b9\u03b1 \u03ba\u03b1\u03b9 \u03b5\u03af\u03bd\u03b1\u03b9 \u03c0\u03b9\u03b8\u03b1\u03bd\u03bf\u03af \u03c6\u03bf\u03c1\u03b5\u03af\u03c2 \u03b1\u03c3\u03b8\u03b5\u03bd\u03b5\u03b9\u03ce\u03bd. \u0391\u03bb\u03bb\u03bf\u03b9\u03ce\u03bd\u03bf\u03c5\u03bd \u03c4\u03b1 \u03c4\u03c1\u03cc\u03c6\u03b9\u03bc\u03b1 \u03ba\u03b1\u03b9 \u03bc\u03c0\u03bf\u03c1\u03bf\u03cd\u03bd \u03bd\u03b1 \u03b4\u03b9\u03b1\u03b4\u03af\u03b4\u03bf\u03c5\u03bd \u03c0\u03b1\u03b8\u03bf\u03b3\u03cc\u03bd\u03bf\u03c5\u03c2 \u03bc\u03b9\u03ba\u03c1\u03bf\u03bf\u03c1\u03b3\u03b1\u03bd\u03b9\u03c3\u03bc\u03bf\u03cd\u03c2. \u0395\u03c0\u03af\u03c3\u03b7\u03c2, \u03bc\u03c0\u03bf\u03c1\u03bf\u03cd\u03bd \u03bd\u03b1 \u03c0\u03c1\u03bf\u03ba\u03b1\u03bb\u03ad\u03c3\u03bf\u03c5\u03bd \u03b1\u03bb\u03bb\u03b5\u03c1\u03b3\u03b9\u03ba\u03ad\u03c2 \u03b1\u03bd\u03c4\u03b9\u03b4\u03c1\u03ac\u03c3\u03b5\u03b9\u03c2. \u039f\u03b9 \u03c0\u03b9\u03bf \u03c3\u03b7\u03bc\u03b1\u03bd\u03c4\u03b9\u03ba\u03ad\u03c2 \u03b1\u03c3\u03b8\u03ad\u03bd\u03b5\u03b9\u03b5\u03c2 \u03c0\u03bf\u03c5 \u03bc\u03b5\u03c4\u03b1\u03b4\u03af\u03b4\u03bf\u03c5\u03bd [...]","protected":false},"author":1,"featured_media":0,"parent":0,"menu_order":0,"comment_status":"closed","ping_status":"closed","template":"","meta":{"_mi_skip_tracking":false},"yoast_head":"<!-- This site is optimized with the Yoast SEO plugin v20.2.1 - https:\/\/yoast.com\/wordpress\/plugins\/seo\/ -->\n<title>\u039a\u03b1\u03c4\u03c3\u03b1\u03c1\u03af\u03b4\u03b5\u03c2 - Agrolefkas | \u039b\u03b5\u03c5\u03ba\u03ac\u03b4\u03b1<\/title>\n<meta name=\"robots\" content=\"index, follow, max-snippet:-1, max-image-preview:large, max-video-preview:-1\" \/>\n<link rel=\"canonical\" href=\"https:\/\/agrolefkas.gr\/de\/\u03ba\u03b1\u03c4\u03c3\u03b1\u03c1\u03af\u03b4\u03b5\u03c2\/\" \/>\n<meta property=\"og:locale\" content=\"de_DE\" \/>\n<meta property=\"og:type\" content=\"article\" \/>\n<meta property=\"og:title\" content=\"\u039a\u03b1\u03c4\u03c3\u03b1\u03c1\u03af\u03b4\u03b5\u03c2 - Agrolefkas | \u039b\u03b5\u03c5\u03ba\u03ac\u03b4\u03b1\" \/>\n<meta property=\"og:url\" content=\"https:\/\/agrolefkas.gr\/de\/\u03ba\u03b1\u03c4\u03c3\u03b1\u03c1\u03af\u03b4\u03b5\u03c2\/\" \/>\n<meta property=\"og:site_name\" content=\"Agrolefkas | \u039b\u03b5\u03c5\u03ba\u03ac\u03b4\u03b1\" \/>\n<meta property=\"article:publisher\" content=\"https:\/\/www.facebook.com\/rompotisaggelos\/\" \/>\n<meta property=\"article:modified_time\" content=\"2022-04-04T18:21:22+00:00\" \/>\n<meta name=\"twitter:card\" content=\"summary_large_image\" \/>\n<meta name=\"twitter:label1\" content=\"Gesch\u00e4tzte Lesezeit\" \/>\n\t<meta name=\"twitter:data1\" content=\"1\u00a0Minute\" \/>\n<script type=\"application\/ld+json\" class=\"yoast-schema-graph\">{\"@context\":\"https:\/\/schema.org\",\"@graph\":[{\"@type\":\"WebPage\",\"@id\":\"https:\/\/agrolefkas.gr\/%ce%ba%ce%b1%cf%84%cf%83%ce%b1%cf%81%ce%af%ce%b4%ce%b5%cf%82\/\",\"url\":\"https:\/\/agrolefkas.gr\/%ce%ba%ce%b1%cf%84%cf%83%ce%b1%cf%81%ce%af%ce%b4%ce%b5%cf%82\/\",\"name\":\"\u039a\u03b1\u03c4\u03c3\u03b1\u03c1\u03af\u03b4\u03b5\u03c2 - Agrolefkas | \u039b\u03b5\u03c5\u03ba\u03ac\u03b4\u03b1\",\"isPartOf\":{\"@id\":\"https:\/\/agrolefkas.gr\/#website\"},\"datePublished\":\"2022-04-04T18:12:40+00:00\",\"dateModified\":\"2022-04-04T18:21:22+00:00\",\"breadcrumb\":{\"@id\":\"https:\/\/agrolefkas.gr\/%ce%ba%ce%b1%cf%84%cf%83%ce%b1%cf%81%ce%af%ce%b4%ce%b5%cf%82\/#breadcrumb\"},\"inLanguage\":\"de\",\"potentialAction\":[{\"@type\":\"ReadAction\",\"target\":[\"https:\/\/agrolefkas.gr\/%ce%ba%ce%b1%cf%84%cf%83%ce%b1%cf%81%ce%af%ce%b4%ce%b5%cf%82\/\"]}]},{\"@type\":\"BreadcrumbList\",\"@id\":\"https:\/\/agrolefkas.gr\/%ce%ba%ce%b1%cf%84%cf%83%ce%b1%cf%81%ce%af%ce%b4%ce%b5%cf%82\/#breadcrumb\",\"itemListElement\":[{\"@type\":\"ListItem\",\"position\":1,\"name\":\"Home\",\"item\":\"https:\/\/agrolefkas.gr\/\"},{\"@type\":\"ListItem\",\"position\":2,\"name\":\"\u039a\u03b1\u03c4\u03c3\u03b1\u03c1\u03af\u03b4\u03b5\u03c2\"}]},{\"@type\":\"WebSite\",\"@id\":\"https:\/\/agrolefkas.gr\/#website\",\"url\":\"https:\/\/agrolefkas.gr\/\",\"name\":\"Agrolefkas | \u039b\u03b5\u03c5\u03ba\u03ac\u03b4\u03b1\",\"description\":\"\u0391\u03a0\u0395\u039d\u03a4\u039f\u039c\u03a9\u03a3\u0395\u0399\u03a3,  \u039c\u03a5\u039f\u039a\u03a4\u039f\u039d\u0399\u0395\u03a3,  \u0391\u03a0\u039f\u039b\u03a5\u039c\u0391\u039d\u03a3\u0395\u0399\u03a3, \u039b\u0395\u03a5\u039a\u0391\u0394\u0391\",\"publisher\":{\"@id\":\"https:\/\/agrolefkas.gr\/#organization\"},\"potentialAction\":[{\"@type\":\"SearchAction\",\"target\":{\"@type\":\"EntryPoint\",\"urlTemplate\":\"https:\/\/agrolefkas.gr\/?s={search_term_string}\"},\"query-input\":\"required name=search_term_string\"}],\"inLanguage\":\"de\"},{\"@type\":\"Organization\",\"@id\":\"https:\/\/agrolefkas.gr\/#organization\",\"name\":\"Agrolefkas | \u039b\u03b5\u03c5\u03ba\u03ac\u03b4\u03b1\",\"url\":\"https:\/\/agrolefkas.gr\/\",\"logo\":{\"@type\":\"ImageObject\",\"inLanguage\":\"de\",\"@id\":\"https:\/\/agrolefkas.gr\/#\/schema\/logo\/image\/\",\"url\":\"https:\/\/agrolefkas.gr\/wp-content\/uploads\/2021\/04\/logo_transparent.png\",\"contentUrl\":\"https:\/\/agrolefkas.gr\/wp-content\/uploads\/2021\/04\/logo_transparent.png\",\"width\":4358,\"height\":3306,\"caption\":\"Agrolefkas | \u039b\u03b5\u03c5\u03ba\u03ac\u03b4\u03b1\"},\"image\":{\"@id\":\"https:\/\/agrolefkas.gr\/#\/schema\/logo\/image\/\"},\"sameAs\":[\"https:\/\/www.facebook.com\/rompotisaggelos\/\"]}]}<\/script>\n<!-- \/ Yoast SEO plugin. -->","yoast_head_json":{"title":"\u039a\u03b1\u03c4\u03c3\u03b1\u03c1\u03af\u03b4\u03b5\u03c2 - Agrolefkas | \u039b\u03b5\u03c5\u03ba\u03ac\u03b4\u03b1","robots":{"index":"index","follow":"follow","max-snippet":"max-snippet:-1","max-image-preview":"max-image-preview:large","max-video-preview":"max-video-preview:-1"},"canonical":"https:\/\/agrolefkas.gr\/de\/\u03ba\u03b1\u03c4\u03c3\u03b1\u03c1\u03af\u03b4\u03b5\u03c2\/","og_locale":"de_DE","og_type":"article","og_title":"\u039a\u03b1\u03c4\u03c3\u03b1\u03c1\u03af\u03b4\u03b5\u03c2 - Agrolefkas | \u039b\u03b5\u03c5\u03ba\u03ac\u03b4\u03b1","og_url":"https:\/\/agrolefkas.gr\/de\/\u03ba\u03b1\u03c4\u03c3\u03b1\u03c1\u03af\u03b4\u03b5\u03c2\/","og_site_name":"Agrolefkas | \u039b\u03b5\u03c5\u03ba\u03ac\u03b4\u03b1","article_publisher":"https:\/\/www.facebook.com\/rompotisaggelos\/","article_modified_time":"2022-04-04T18:21:22+00:00","twitter_card":"summary_large_image","twitter_misc":{"Gesch\u00e4tzte Lesezeit":"1\u00a0Minute"},"schema":{"@context":"https:\/\/schema.org","@graph":[{"@type":"WebPage","@id":"https:\/\/agrolefkas.gr\/%ce%ba%ce%b1%cf%84%cf%83%ce%b1%cf%81%ce%af%ce%b4%ce%b5%cf%82\/","url":"https:\/\/agrolefkas.gr\/%ce%ba%ce%b1%cf%84%cf%83%ce%b1%cf%81%ce%af%ce%b4%ce%b5%cf%82\/","name":"\u039a\u03b1\u03c4\u03c3\u03b1\u03c1\u03af\u03b4\u03b5\u03c2 - Agrolefkas | \u039b\u03b5\u03c5\u03ba\u03ac\u03b4\u03b1","isPartOf":{"@id":"https:\/\/agrolefkas.gr\/#website"},"datePublished":"2022-04-04T18:12:40+00:00","dateModified":"2022-04-04T18:21:22+00:00","breadcrumb":{"@id":"https:\/\/agrolefkas.gr\/%ce%ba%ce%b1%cf%84%cf%83%ce%b1%cf%81%ce%af%ce%b4%ce%b5%cf%82\/#breadcrumb"},"inLanguage":"de","potentialAction":[{"@type":"ReadAction","target":["https:\/\/agrolefkas.gr\/%ce%ba%ce%b1%cf%84%cf%83%ce%b1%cf%81%ce%af%ce%b4%ce%b5%cf%82\/"]}]},{"@type":"BreadcrumbList","@id":"https:\/\/agrolefkas.gr\/%ce%ba%ce%b1%cf%84%cf%83%ce%b1%cf%81%ce%af%ce%b4%ce%b5%cf%82\/#breadcrumb","itemListElement":[{"@type":"ListItem","position":1,"name":"Home","item":"https:\/\/agrolefkas.gr\/"},{"@type":"ListItem","position":2,"name":"\u039a\u03b1\u03c4\u03c3\u03b1\u03c1\u03af\u03b4\u03b5\u03c2"}]},{"@type":"WebSite","@id":"https:\/\/agrolefkas.gr\/#website","url":"https:\/\/agrolefkas.gr\/","name":"Agrolefkas | \u039b\u03b5\u03c5\u03ba\u03ac\u03b4\u03b1","description":"\u0391\u03a0\u0395\u039d\u03a4\u039f\u039c\u03a9\u03a3\u0395\u0399\u03a3,  \u039c\u03a5\u039f\u039a\u03a4\u039f\u039d\u0399\u0395\u03a3,  \u0391\u03a0\u039f\u039b\u03a5\u039c\u0391\u039d\u03a3\u0395\u0399\u03a3, \u039b\u0395\u03a5\u039a\u0391\u0394\u0391","publisher":{"@id":"https:\/\/agrolefkas.gr\/#organization"},"potentialAction":[{"@type":"SearchAction","target":{"@type":"EntryPoint","urlTemplate":"https:\/\/agrolefkas.gr\/?s={search_term_string}"},"query-input":"required name=search_term_string"}],"inLanguage":"de"},{"@type":"Organization","@id":"https:\/\/agrolefkas.gr\/#organization","name":"Agrolefkas | \u039b\u03b5\u03c5\u03ba\u03ac\u03b4\u03b1","url":"https:\/\/agrolefkas.gr\/","logo":{"@type":"ImageObject","inLanguage":"de","@id":"https:\/\/agrolefkas.gr\/#\/schema\/logo\/image\/","url":"https:\/\/agrolefkas.gr\/wp-content\/uploads\/2021\/04\/logo_transparent.png","contentUrl":"https:\/\/agrolefkas.gr\/wp-content\/uploads\/2021\/04\/logo_transparent.png","width":4358,"height":3306,"caption":"Agrolefkas | \u039b\u03b5\u03c5\u03ba\u03ac\u03b4\u03b1"},"image":{"@id":"https:\/\/agrolefkas.gr\/#\/schema\/logo\/image\/"},"sameAs":["https:\/\/www.facebook.com\/rompotisaggelos\/"]}]}},"_links":{"self":[{"href":"https:\/\/agrolefkas.gr\/de\/wp-json\/wp\/v2\/pages\/9789"}],"collection":[{"href":"https:\/\/agrolefkas.gr\/de\/wp-json\/wp\/v2\/pages"}],"about":[{"href":"https:\/\/agrolefkas.gr\/de\/wp-json\/wp\/v2\/types\/page"}],"author":[{"embeddable":true,"href":"https:\/\/agrolefkas.gr\/de\/wp-json\/wp\/v2\/users\/1"}],"replies":[{"embeddable":true,"href":"https:\/\/agrolefkas.gr\/de\/wp-json\/wp\/v2\/comments?post=9789"}],"version-history":[{"count":9,"href":"https:\/\/agrolefkas.gr\/de\/wp-json\/wp\/v2\/pages\/9789\/revisions"}],"predecessor-version":[{"id":9799,"href":"https:\/\/agrolefkas.gr\/de\/wp-json\/wp\/v2\/pages\/9789\/revisions\/9799"}],"wp:attachment":[{"href":"https:\/\/agrolefkas.gr\/de\/wp-json\/wp\/v2\/media?parent=9789"}],"curies":[{"name":"wp","href":"https:\/\/api.w.org\/{rel}","templated":true}]}}