{"id":9800,"date":"2022-04-04T18:24:28","date_gmt":"2022-04-04T18:24:28","guid":{"rendered":"https:\/\/agrolefkas.gr\/?page_id=9800"},"modified":"2022-04-04T18:24:47","modified_gmt":"2022-04-04T18:24:47","slug":"%ce%bc%cf%85%ce%bf%ce%ba%cf%84%ce%bf%ce%bd%ce%af%ce%b5%cf%82","status":"publish","type":"page","link":"https:\/\/agrolefkas.gr\/de\/%ce%bc%cf%85%ce%bf%ce%ba%cf%84%ce%bf%ce%bd%ce%af%ce%b5%cf%82\/","title":{"rendered":"\u00dcberwachung von Nagern"},"content":{"rendered":"<div class=\"vc_row wpb_row vc_row-fluid\"><div class=\"wpb_column vc_column_container vc_col-sm-12\"><div class=\"vc_column-inner\"><div class=\"wpb_wrapper\"><div class='dt-sc-title script-with-sub-title aligncenter'><h6>Wir k\u00fcmmern uns um die Umwelt<\/h6><h3>\u00dcberwachung von Nagern<\/h3><\/div><div class=\"ult-spacer spacer-69e51653413e5\" data-id=\"69e51653413e5\" data-height=\"40\" data-height-mobile=\"20\" data-height-tab=\"30\" data-height-tab-portrait=\"30\" data-height-mobile-landscape=\"20\" style=\"clear:both;display:block;\"><\/div><\/div><\/div><\/div><\/div><div data-vc-full-width=\"true\" data-vc-full-width-init=\"false\" class=\"vc_row wpb_row vc_row-fluid\"><div class=\"wpb_column vc_column_container vc_col-sm-12\"><div class=\"vc_column-inner\"><div class=\"wpb_wrapper\"><div class=\"vc_row wpb_row vc_inner vc_row-fluid vc_row-o-equal-height vc_row-o-content-middle vc_row-flex\"><div class=\"wpb_column vc_column_container vc_col-sm-12\"><div class=\"vc_column-inner\"><div class=\"wpb_wrapper\">\r\n\t<div class=\"wpb_text_column wpb_content_element\" >\r\n\t\t<div class=\"wpb_wrapper\">\r\n\t\t\t<h5 class=\"font_8\">\u00dcberwachung von Nagern bezieht sich auf heimische Nagetiere.<\/h5>\n<h5 class=\"font_8\">Unter Hausnagern verstehen wir M\u00e4use und Ratten, die in Wohngebiete eindringen, mit ihren Exkrementen, Urin und Haaren menschliche R\u00e4umlichkeiten und Lebensmittel kontaminieren und eine gro\u00dfe Gefahr f\u00fcr die \u00f6ffentliche Gesundheit darstellen.<\/h5>\n<h5 class=\"font_8\">Dar\u00fcber hinaus sind sie f\u00fcr verschiedene Sch\u00e4den an M\u00f6beln und Kabeln verantwortlich, mit dem Risiko, schwere Sch\u00e4den zu verursachen (z. B. einen Brand durch ein angefressenes Kabel).<\/h5>\n<h5 class=\"font_8\">Einige der Krankheiten, die von Nagetieren auf Menschen und Tiere \u00fcbertragen werden k\u00f6nnen, sind Leptospirose, Typhus, Pest, Salmonellen und Pest.<\/h5>\n<h5 class=\"font_8\">Die h\u00e4ufigsten Arten, denen wir begegnen und die uns besch\u00e4ftigen, sind:<\/h5>\n<ol class=\"font_8\">\n<li>\n<h5 class=\"font_8\">Mus musculus (Hausmaus)<\/h5>\n<\/li>\n<li>\n<h5 class=\"font_8\">Rattus Norvegicus (Hausratte)<\/h5>\n<\/li>\n<li>\n<h5 class=\"font_8\">Rattus rattus<\/h5>\n<\/li>\n<\/ol>\n<h5 class=\"font_8\">Der Kampf gegen Nagetiere erfolgt durch die Installation eines Netzes von K\u00f6derstationen.<\/h5>\n<h5 class=\"font_8\">Die K\u00f6derstationen, die beim Muscle Kill verwendet werden, bestehen aus strapazierf\u00e4higem Kunststoff, Tunneltyp, mit einem Sicherheitsschl\u00fcssel und haben spezielle L\u00f6cher f\u00fcr den Wasserablauf und das Festnageln am Boden.<\/h5>\n<h5 class=\"font_8\">Die Vorteile von K\u00f6derstationen sind:<\/h5>\n<ul>\n<li class=\"font_8\">Schutz des K\u00f6ders vor Witterungseinfl\u00fcssen.<\/li>\n<li class=\"font_8\">Transportieren Sie den K\u00f6der nicht von der K\u00f6derstation nach drau\u00dfen.<\/li>\n<li class=\"font_8\">Leichtere und sicherere K\u00f6deraufnahme durch Nagetiere (Sicherheitsgef\u00fchl).<\/li>\n<li class=\"font_8\">Die F\u00e4higkeit, den Verbrauch des K\u00f6ders zu kontrollieren und in Protokollen festzuhalten.<\/li>\n<li class=\"font_8\">Die Sicherheit von Kindern und Haustieren.<\/li>\n<\/ul>\n\r\n\t\t<\/div>\r\n\t<\/div>\r\n<\/div><\/div><\/div><\/div><\/div><\/div><\/div><\/div><div class=\"vc_row-full-width vc_clearfix\"><\/div><!-- Row Backgrounds --><\/p>","protected":false},"excerpt":{"rendered":"Die Umwelt liegt uns am Herzen. Myocide Myocide bezieht sich auf heimische Nagetiere. Unter Hausnagern versteht man M\u00e4use und Ratten, die in Wohngebiete eindringen, mit ihren Exkrementen, Urin und Haaren menschliche R\u00e4umlichkeiten und Lebensmittel verunreinigen und eine gro\u00dfe Gefahr f\u00fcr die \u00f6ffentliche Gesundheit darstellen. Dar\u00fcber hinaus sind sie f\u00fcr diverse Sch\u00e4den an M\u00f6beln und M\u00f6beln verantwortlich.","protected":false},"author":1,"featured_media":0,"parent":0,"menu_order":0,"comment_status":"closed","ping_status":"closed","template":"","meta":{"_mi_skip_tracking":false},"yoast_head":"<!-- This site is optimized with the Yoast SEO plugin v20.2.1 - https:\/\/yoast.com\/wordpress\/plugins\/seo\/ -->\n<title>\u039c\u03c5\u03bf\u03ba\u03c4\u03bf\u03bd\u03af\u03b5\u03c2 - Agrolefkas | \u039b\u03b5\u03c5\u03ba\u03ac\u03b4\u03b1<\/title>\n<meta name=\"robots\" content=\"index, follow, max-snippet:-1, max-image-preview:large, max-video-preview:-1\" \/>\n<link rel=\"canonical\" href=\"https:\/\/agrolefkas.gr\/de\/\u03bc\u03c5\u03bf\u03ba\u03c4\u03bf\u03bd\u03af\u03b5\u03c2\/\" \/>\n<meta property=\"og:locale\" content=\"de_DE\" \/>\n<meta property=\"og:type\" content=\"article\" \/>\n<meta property=\"og:title\" content=\"\u039c\u03c5\u03bf\u03ba\u03c4\u03bf\u03bd\u03af\u03b5\u03c2 - Agrolefkas | \u039b\u03b5\u03c5\u03ba\u03ac\u03b4\u03b1\" \/>\n<meta property=\"og:url\" content=\"https:\/\/agrolefkas.gr\/de\/\u03bc\u03c5\u03bf\u03ba\u03c4\u03bf\u03bd\u03af\u03b5\u03c2\/\" \/>\n<meta property=\"og:site_name\" content=\"Agrolefkas | \u039b\u03b5\u03c5\u03ba\u03ac\u03b4\u03b1\" \/>\n<meta property=\"article:publisher\" content=\"https:\/\/www.facebook.com\/rompotisaggelos\/\" \/>\n<meta property=\"article:modified_time\" content=\"2022-04-04T18:24:47+00:00\" \/>\n<meta name=\"twitter:card\" content=\"summary_large_image\" \/>\n<meta name=\"twitter:label1\" content=\"Gesch\u00e4tzte Lesezeit\" \/>\n\t<meta name=\"twitter:data1\" content=\"1\u00a0Minute\" \/>\n<script type=\"application\/ld+json\" class=\"yoast-schema-graph\">{\"@context\":\"https:\/\/schema.org\",\"@graph\":[{\"@type\":\"WebPage\",\"@id\":\"https:\/\/agrolefkas.gr\/%ce%bc%cf%85%ce%bf%ce%ba%cf%84%ce%bf%ce%bd%ce%af%ce%b5%cf%82\/\",\"url\":\"https:\/\/agrolefkas.gr\/%ce%bc%cf%85%ce%bf%ce%ba%cf%84%ce%bf%ce%bd%ce%af%ce%b5%cf%82\/\",\"name\":\"\u039c\u03c5\u03bf\u03ba\u03c4\u03bf\u03bd\u03af\u03b5\u03c2 - Agrolefkas | \u039b\u03b5\u03c5\u03ba\u03ac\u03b4\u03b1\",\"isPartOf\":{\"@id\":\"https:\/\/agrolefkas.gr\/#website\"},\"datePublished\":\"2022-04-04T18:24:28+00:00\",\"dateModified\":\"2022-04-04T18:24:47+00:00\",\"breadcrumb\":{\"@id\":\"https:\/\/agrolefkas.gr\/%ce%bc%cf%85%ce%bf%ce%ba%cf%84%ce%bf%ce%bd%ce%af%ce%b5%cf%82\/#breadcrumb\"},\"inLanguage\":\"de\",\"potentialAction\":[{\"@type\":\"ReadAction\",\"target\":[\"https:\/\/agrolefkas.gr\/%ce%bc%cf%85%ce%bf%ce%ba%cf%84%ce%bf%ce%bd%ce%af%ce%b5%cf%82\/\"]}]},{\"@type\":\"BreadcrumbList\",\"@id\":\"https:\/\/agrolefkas.gr\/%ce%bc%cf%85%ce%bf%ce%ba%cf%84%ce%bf%ce%bd%ce%af%ce%b5%cf%82\/#breadcrumb\",\"itemListElement\":[{\"@type\":\"ListItem\",\"position\":1,\"name\":\"Home\",\"item\":\"https:\/\/agrolefkas.gr\/\"},{\"@type\":\"ListItem\",\"position\":2,\"name\":\"\u039c\u03c5\u03bf\u03ba\u03c4\u03bf\u03bd\u03af\u03b5\u03c2\"}]},{\"@type\":\"WebSite\",\"@id\":\"https:\/\/agrolefkas.gr\/#website\",\"url\":\"https:\/\/agrolefkas.gr\/\",\"name\":\"Agrolefkas | \u039b\u03b5\u03c5\u03ba\u03ac\u03b4\u03b1\",\"description\":\"\u0391\u03a0\u0395\u039d\u03a4\u039f\u039c\u03a9\u03a3\u0395\u0399\u03a3,  \u039c\u03a5\u039f\u039a\u03a4\u039f\u039d\u0399\u0395\u03a3,  \u0391\u03a0\u039f\u039b\u03a5\u039c\u0391\u039d\u03a3\u0395\u0399\u03a3, \u039b\u0395\u03a5\u039a\u0391\u0394\u0391\",\"publisher\":{\"@id\":\"https:\/\/agrolefkas.gr\/#organization\"},\"potentialAction\":[{\"@type\":\"SearchAction\",\"target\":{\"@type\":\"EntryPoint\",\"urlTemplate\":\"https:\/\/agrolefkas.gr\/?s={search_term_string}\"},\"query-input\":\"required name=search_term_string\"}],\"inLanguage\":\"de\"},{\"@type\":\"Organization\",\"@id\":\"https:\/\/agrolefkas.gr\/#organization\",\"name\":\"Agrolefkas | \u039b\u03b5\u03c5\u03ba\u03ac\u03b4\u03b1\",\"url\":\"https:\/\/agrolefkas.gr\/\",\"logo\":{\"@type\":\"ImageObject\",\"inLanguage\":\"de\",\"@id\":\"https:\/\/agrolefkas.gr\/#\/schema\/logo\/image\/\",\"url\":\"https:\/\/agrolefkas.gr\/wp-content\/uploads\/2021\/04\/logo_transparent.png\",\"contentUrl\":\"https:\/\/agrolefkas.gr\/wp-content\/uploads\/2021\/04\/logo_transparent.png\",\"width\":4358,\"height\":3306,\"caption\":\"Agrolefkas | \u039b\u03b5\u03c5\u03ba\u03ac\u03b4\u03b1\"},\"image\":{\"@id\":\"https:\/\/agrolefkas.gr\/#\/schema\/logo\/image\/\"},\"sameAs\":[\"https:\/\/www.facebook.com\/rompotisaggelos\/\"]}]}<\/script>\n<!-- \/ Yoast SEO plugin. -->","yoast_head_json":{"title":"\u039c\u03c5\u03bf\u03ba\u03c4\u03bf\u03bd\u03af\u03b5\u03c2 - Agrolefkas | \u039b\u03b5\u03c5\u03ba\u03ac\u03b4\u03b1","robots":{"index":"index","follow":"follow","max-snippet":"max-snippet:-1","max-image-preview":"max-image-preview:large","max-video-preview":"max-video-preview:-1"},"canonical":"https:\/\/agrolefkas.gr\/de\/\u03bc\u03c5\u03bf\u03ba\u03c4\u03bf\u03bd\u03af\u03b5\u03c2\/","og_locale":"de_DE","og_type":"article","og_title":"\u039c\u03c5\u03bf\u03ba\u03c4\u03bf\u03bd\u03af\u03b5\u03c2 - Agrolefkas | \u039b\u03b5\u03c5\u03ba\u03ac\u03b4\u03b1","og_url":"https:\/\/agrolefkas.gr\/de\/\u03bc\u03c5\u03bf\u03ba\u03c4\u03bf\u03bd\u03af\u03b5\u03c2\/","og_site_name":"Agrolefkas | \u039b\u03b5\u03c5\u03ba\u03ac\u03b4\u03b1","article_publisher":"https:\/\/www.facebook.com\/rompotisaggelos\/","article_modified_time":"2022-04-04T18:24:47+00:00","twitter_card":"summary_large_image","twitter_misc":{"Gesch\u00e4tzte Lesezeit":"1\u00a0Minute"},"schema":{"@context":"https:\/\/schema.org","@graph":[{"@type":"WebPage","@id":"https:\/\/agrolefkas.gr\/%ce%bc%cf%85%ce%bf%ce%ba%cf%84%ce%bf%ce%bd%ce%af%ce%b5%cf%82\/","url":"https:\/\/agrolefkas.gr\/%ce%bc%cf%85%ce%bf%ce%ba%cf%84%ce%bf%ce%bd%ce%af%ce%b5%cf%82\/","name":"\u039c\u03c5\u03bf\u03ba\u03c4\u03bf\u03bd\u03af\u03b5\u03c2 - Agrolefkas | \u039b\u03b5\u03c5\u03ba\u03ac\u03b4\u03b1","isPartOf":{"@id":"https:\/\/agrolefkas.gr\/#website"},"datePublished":"2022-04-04T18:24:28+00:00","dateModified":"2022-04-04T18:24:47+00:00","breadcrumb":{"@id":"https:\/\/agrolefkas.gr\/%ce%bc%cf%85%ce%bf%ce%ba%cf%84%ce%bf%ce%bd%ce%af%ce%b5%cf%82\/#breadcrumb"},"inLanguage":"de","potentialAction":[{"@type":"ReadAction","target":["https:\/\/agrolefkas.gr\/%ce%bc%cf%85%ce%bf%ce%ba%cf%84%ce%bf%ce%bd%ce%af%ce%b5%cf%82\/"]}]},{"@type":"BreadcrumbList","@id":"https:\/\/agrolefkas.gr\/%ce%bc%cf%85%ce%bf%ce%ba%cf%84%ce%bf%ce%bd%ce%af%ce%b5%cf%82\/#breadcrumb","itemListElement":[{"@type":"ListItem","position":1,"name":"Home","item":"https:\/\/agrolefkas.gr\/"},{"@type":"ListItem","position":2,"name":"\u039c\u03c5\u03bf\u03ba\u03c4\u03bf\u03bd\u03af\u03b5\u03c2"}]},{"@type":"WebSite","@id":"https:\/\/agrolefkas.gr\/#website","url":"https:\/\/agrolefkas.gr\/","name":"Agrolefkas | \u039b\u03b5\u03c5\u03ba\u03ac\u03b4\u03b1","description":"\u0391\u03a0\u0395\u039d\u03a4\u039f\u039c\u03a9\u03a3\u0395\u0399\u03a3,  \u039c\u03a5\u039f\u039a\u03a4\u039f\u039d\u0399\u0395\u03a3,  \u0391\u03a0\u039f\u039b\u03a5\u039c\u0391\u039d\u03a3\u0395\u0399\u03a3, \u039b\u0395\u03a5\u039a\u0391\u0394\u0391","publisher":{"@id":"https:\/\/agrolefkas.gr\/#organization"},"potentialAction":[{"@type":"SearchAction","target":{"@type":"EntryPoint","urlTemplate":"https:\/\/agrolefkas.gr\/?s={search_term_string}"},"query-input":"required name=search_term_string"}],"inLanguage":"de"},{"@type":"Organization","@id":"https:\/\/agrolefkas.gr\/#organization","name":"Agrolefkas | \u039b\u03b5\u03c5\u03ba\u03ac\u03b4\u03b1","url":"https:\/\/agrolefkas.gr\/","logo":{"@type":"ImageObject","inLanguage":"de","@id":"https:\/\/agrolefkas.gr\/#\/schema\/logo\/image\/","url":"https:\/\/agrolefkas.gr\/wp-content\/uploads\/2021\/04\/logo_transparent.png","contentUrl":"https:\/\/agrolefkas.gr\/wp-content\/uploads\/2021\/04\/logo_transparent.png","width":4358,"height":3306,"caption":"Agrolefkas | \u039b\u03b5\u03c5\u03ba\u03ac\u03b4\u03b1"},"image":{"@id":"https:\/\/agrolefkas.gr\/#\/schema\/logo\/image\/"},"sameAs":["https:\/\/www.facebook.com\/rompotisaggelos\/"]}]}},"_links":{"self":[{"href":"https:\/\/agrolefkas.gr\/de\/wp-json\/wp\/v2\/pages\/9800"}],"collection":[{"href":"https:\/\/agrolefkas.gr\/de\/wp-json\/wp\/v2\/pages"}],"about":[{"href":"https:\/\/agrolefkas.gr\/de\/wp-json\/wp\/v2\/types\/page"}],"author":[{"embeddable":true,"href":"https:\/\/agrolefkas.gr\/de\/wp-json\/wp\/v2\/users\/1"}],"replies":[{"embeddable":true,"href":"https:\/\/agrolefkas.gr\/de\/wp-json\/wp\/v2\/comments?post=9800"}],"version-history":[{"count":3,"href":"https:\/\/agrolefkas.gr\/de\/wp-json\/wp\/v2\/pages\/9800\/revisions"}],"predecessor-version":[{"id":9827,"href":"https:\/\/agrolefkas.gr\/de\/wp-json\/wp\/v2\/pages\/9800\/revisions\/9827"}],"wp:attachment":[{"href":"https:\/\/agrolefkas.gr\/de\/wp-json\/wp\/v2\/media?parent=9800"}],"curies":[{"name":"wp","href":"https:\/\/api.w.org\/{rel}","templated":true}]}}