{"id":9804,"date":"2022-04-04T18:28:49","date_gmt":"2022-04-04T18:28:49","guid":{"rendered":"https:\/\/agrolefkas.gr\/?page_id=9804"},"modified":"2022-04-05T16:43:39","modified_gmt":"2022-04-05T16:43:39","slug":"%ce%b1%cf%80%ce%bf%ce%bb%cf%85%ce%bc%ce%ac%ce%bd%cf%83%ce%b5%ce%b9%cf%82-covid-19","status":"publish","type":"page","link":"https:\/\/agrolefkas.gr\/de\/%ce%b1%cf%80%ce%bf%ce%bb%cf%85%ce%bc%ce%ac%ce%bd%cf%83%ce%b5%ce%b9%cf%82-covid-19\/","title":{"rendered":"Covid-19-Desinfektionen"},"content":{"rendered":"<div class=\"vc_row wpb_row vc_row-fluid\"><div class=\"wpb_column vc_column_container vc_col-sm-12\"><div class=\"vc_column-inner\"><div class=\"wpb_wrapper\"><div class='dt-sc-title script-with-sub-title aligncenter'><h6>Wir k\u00fcmmern uns um die Umwelt<\/h6><h3>Covid-19-Desinfektionen<\/h3><\/div><div class=\"ult-spacer spacer-6a07e48214df4\" data-id=\"6a07e48214df4\" data-height=\"40\" data-height-mobile=\"20\" data-height-tab=\"30\" data-height-tab-portrait=\"30\" data-height-mobile-landscape=\"20\" style=\"clear:both;display:block;\"><\/div><\/div><\/div><\/div><\/div><div data-vc-full-width=\"true\" data-vc-full-width-init=\"false\" class=\"vc_row wpb_row vc_row-fluid\"><div class=\"wpb_column vc_column_container vc_col-sm-12\"><div class=\"vc_column-inner\"><div class=\"wpb_wrapper\"><div class=\"vc_row wpb_row vc_inner vc_row-fluid vc_row-o-equal-height vc_row-o-content-middle vc_row-flex\"><div class=\"wpb_column vc_column_container vc_col-sm-12\"><div class=\"vc_column-inner\"><div class=\"wpb_wrapper\">\r\n\t<div class=\"wpb_text_column wpb_content_element\" >\r\n\t\t<div class=\"wpb_wrapper\">\r\n\t\t\t<div class=\"AccordionItem3858601644__header question-heading\" data-hook=\"header\">\n<div class=\"AccordionItem3858601644__title\" data-hook=\"titleContainer\">\n<div class=\"sc-gZMcBi jhhKmR\" data-itemprop=\"name\">\n<h5 id=\"viewer-0edh7660793\" class=\"mm8Nw _1j-51 _1FoOD _3M0Fe public-DraftStyleDefault-block-depth0 public-DraftStyleDefault-text-ltr\"><span class=\"_2PHJq public-DraftStyleDefault-ltr\">Agrolefkas bietet schnelle Reaktion und eine breite Palette spezialisierter Dekontaminationsdienste f\u00fcr Unternehmen in ganz Griechenland, um sicherzustellen, dass potenziell sch\u00e4dliche und gef\u00e4hrliche Situationen sicher, diskret und gesetzeskonform gehandhabt werden.<\/span><\/h5>\n<h5 id=\"viewer-rc2ft660795\" class=\"mm8Nw _1j-51 _1FoOD _3M0Fe public-DraftStyleDefault-block-depth0 public-DraftStyleDefault-text-ltr\"><span class=\"_2PHJq public-DraftStyleDefault-ltr\">Unsere spezialisierten Dekontaminationsdienste bieten Sicherheit f\u00fcr Unternehmen, Kommunen, Bezirke, private und alle anderen Bereiche, die von potenziell gef\u00e4hrlichen Situationen betroffen sein k\u00f6nnten, indem sie sch\u00e4dliche Krankheitserreger schnell und sicher eliminieren. <\/span><\/h5>\n<h5 id=\"viewer-pauxv660796\" class=\"mm8Nw _1j-51 _1FoOD _3M0Fe public-DraftStyleDefault-block-depth0 public-DraftStyleDefault-text-ltr\"><span class=\"_2PHJq public-DraftStyleDefault-ltr\">Unsere Desinfektionsmethoden sind f\u00fcr viele Beh\u00f6rden und Handelsorganisationen eine unverzichtbare Ressource, da sie dazu beitragen, Ihr Unternehmen vor infekti\u00f6sen Bakterien, Viren und Krankheiten zu sch\u00fctzen.<\/span><\/h5>\n<\/div>\n<\/div>\n<\/div>\n\r\n\t\t<\/div>\r\n\t<\/div>\r\n<\/div><\/div><\/div><\/div><\/div><\/div><\/div><\/div><div class=\"vc_row-full-width vc_clearfix\"><\/div><!-- Row Backgrounds --><\/p>","protected":false},"excerpt":{"rendered":"Die Umwelt liegt uns am Herzen. Covid-19-Dekontamination Agrolefkas bietet eine schnelle Reaktion und eine breite Palette spezialisierter Dekontaminationsdienste f\u00fcr Unternehmen in ganz Griechenland, um sicherzustellen, dass potenziell sch\u00e4dliche und gef\u00e4hrliche Situationen sicher, diskret und gesetzeskonform gehandhabt werden. Unsere spezialisierten Desinfektionsdienste bieten Sicherheit f\u00fcr Unternehmen, Kommunen, Regionen, Privatpersonen und [...]","protected":false},"author":1,"featured_media":0,"parent":0,"menu_order":0,"comment_status":"closed","ping_status":"closed","template":"","meta":{"_mi_skip_tracking":false},"yoast_head":"<!-- This site is optimized with the Yoast SEO plugin v20.2.1 - https:\/\/yoast.com\/wordpress\/plugins\/seo\/ -->\n<title>\u0391\u03c0\u03bf\u03bb\u03c5\u03bc\u03ac\u03bd\u03c3\u03b5\u03b9\u03c2 Covid-19 - Agrolefkas | \u039b\u03b5\u03c5\u03ba\u03ac\u03b4\u03b1<\/title>\n<meta name=\"robots\" content=\"index, follow, max-snippet:-1, max-image-preview:large, max-video-preview:-1\" \/>\n<link rel=\"canonical\" href=\"https:\/\/agrolefkas.gr\/de\/\u03b1\u03c0\u03bf\u03bb\u03c5\u03bc\u03ac\u03bd\u03c3\u03b5\u03b9\u03c2-covid-19\/\" \/>\n<meta property=\"og:locale\" content=\"de_DE\" \/>\n<meta property=\"og:type\" content=\"article\" \/>\n<meta property=\"og:title\" content=\"\u0391\u03c0\u03bf\u03bb\u03c5\u03bc\u03ac\u03bd\u03c3\u03b5\u03b9\u03c2 Covid-19 - Agrolefkas | \u039b\u03b5\u03c5\u03ba\u03ac\u03b4\u03b1\" \/>\n<meta property=\"og:url\" content=\"https:\/\/agrolefkas.gr\/de\/\u03b1\u03c0\u03bf\u03bb\u03c5\u03bc\u03ac\u03bd\u03c3\u03b5\u03b9\u03c2-covid-19\/\" \/>\n<meta property=\"og:site_name\" content=\"Agrolefkas | \u039b\u03b5\u03c5\u03ba\u03ac\u03b4\u03b1\" \/>\n<meta property=\"article:publisher\" content=\"https:\/\/www.facebook.com\/rompotisaggelos\/\" \/>\n<meta property=\"article:modified_time\" content=\"2022-04-05T16:43:39+00:00\" \/>\n<meta name=\"twitter:card\" content=\"summary_large_image\" \/>\n<meta name=\"twitter:label1\" content=\"Gesch\u00e4tzte Lesezeit\" \/>\n\t<meta name=\"twitter:data1\" content=\"1\u00a0Minute\" \/>\n<script type=\"application\/ld+json\" class=\"yoast-schema-graph\">{\"@context\":\"https:\/\/schema.org\",\"@graph\":[{\"@type\":\"WebPage\",\"@id\":\"https:\/\/agrolefkas.gr\/%ce%b1%cf%80%ce%bf%ce%bb%cf%85%ce%bc%ce%ac%ce%bd%cf%83%ce%b5%ce%b9%cf%82-covid-19\/\",\"url\":\"https:\/\/agrolefkas.gr\/%ce%b1%cf%80%ce%bf%ce%bb%cf%85%ce%bc%ce%ac%ce%bd%cf%83%ce%b5%ce%b9%cf%82-covid-19\/\",\"name\":\"\u0391\u03c0\u03bf\u03bb\u03c5\u03bc\u03ac\u03bd\u03c3\u03b5\u03b9\u03c2 Covid-19 - Agrolefkas | \u039b\u03b5\u03c5\u03ba\u03ac\u03b4\u03b1\",\"isPartOf\":{\"@id\":\"https:\/\/agrolefkas.gr\/#website\"},\"datePublished\":\"2022-04-04T18:28:49+00:00\",\"dateModified\":\"2022-04-05T16:43:39+00:00\",\"breadcrumb\":{\"@id\":\"https:\/\/agrolefkas.gr\/%ce%b1%cf%80%ce%bf%ce%bb%cf%85%ce%bc%ce%ac%ce%bd%cf%83%ce%b5%ce%b9%cf%82-covid-19\/#breadcrumb\"},\"inLanguage\":\"de\",\"potentialAction\":[{\"@type\":\"ReadAction\",\"target\":[\"https:\/\/agrolefkas.gr\/%ce%b1%cf%80%ce%bf%ce%bb%cf%85%ce%bc%ce%ac%ce%bd%cf%83%ce%b5%ce%b9%cf%82-covid-19\/\"]}]},{\"@type\":\"BreadcrumbList\",\"@id\":\"https:\/\/agrolefkas.gr\/%ce%b1%cf%80%ce%bf%ce%bb%cf%85%ce%bc%ce%ac%ce%bd%cf%83%ce%b5%ce%b9%cf%82-covid-19\/#breadcrumb\",\"itemListElement\":[{\"@type\":\"ListItem\",\"position\":1,\"name\":\"Home\",\"item\":\"https:\/\/agrolefkas.gr\/\"},{\"@type\":\"ListItem\",\"position\":2,\"name\":\"\u0391\u03c0\u03bf\u03bb\u03c5\u03bc\u03ac\u03bd\u03c3\u03b5\u03b9\u03c2 Covid-19\"}]},{\"@type\":\"WebSite\",\"@id\":\"https:\/\/agrolefkas.gr\/#website\",\"url\":\"https:\/\/agrolefkas.gr\/\",\"name\":\"Agrolefkas | \u039b\u03b5\u03c5\u03ba\u03ac\u03b4\u03b1\",\"description\":\"\u0391\u03a0\u0395\u039d\u03a4\u039f\u039c\u03a9\u03a3\u0395\u0399\u03a3,  \u039c\u03a5\u039f\u039a\u03a4\u039f\u039d\u0399\u0395\u03a3,  \u0391\u03a0\u039f\u039b\u03a5\u039c\u0391\u039d\u03a3\u0395\u0399\u03a3, \u039b\u0395\u03a5\u039a\u0391\u0394\u0391\",\"publisher\":{\"@id\":\"https:\/\/agrolefkas.gr\/#organization\"},\"potentialAction\":[{\"@type\":\"SearchAction\",\"target\":{\"@type\":\"EntryPoint\",\"urlTemplate\":\"https:\/\/agrolefkas.gr\/?s={search_term_string}\"},\"query-input\":\"required name=search_term_string\"}],\"inLanguage\":\"de\"},{\"@type\":\"Organization\",\"@id\":\"https:\/\/agrolefkas.gr\/#organization\",\"name\":\"Agrolefkas | \u039b\u03b5\u03c5\u03ba\u03ac\u03b4\u03b1\",\"url\":\"https:\/\/agrolefkas.gr\/\",\"logo\":{\"@type\":\"ImageObject\",\"inLanguage\":\"de\",\"@id\":\"https:\/\/agrolefkas.gr\/#\/schema\/logo\/image\/\",\"url\":\"https:\/\/agrolefkas.gr\/wp-content\/uploads\/2021\/04\/logo_transparent.png\",\"contentUrl\":\"https:\/\/agrolefkas.gr\/wp-content\/uploads\/2021\/04\/logo_transparent.png\",\"width\":4358,\"height\":3306,\"caption\":\"Agrolefkas | \u039b\u03b5\u03c5\u03ba\u03ac\u03b4\u03b1\"},\"image\":{\"@id\":\"https:\/\/agrolefkas.gr\/#\/schema\/logo\/image\/\"},\"sameAs\":[\"https:\/\/www.facebook.com\/rompotisaggelos\/\"]}]}<\/script>\n<!-- \/ Yoast SEO plugin. -->","yoast_head_json":{"title":"\u0391\u03c0\u03bf\u03bb\u03c5\u03bc\u03ac\u03bd\u03c3\u03b5\u03b9\u03c2 Covid-19 - Agrolefkas | \u039b\u03b5\u03c5\u03ba\u03ac\u03b4\u03b1","robots":{"index":"index","follow":"follow","max-snippet":"max-snippet:-1","max-image-preview":"max-image-preview:large","max-video-preview":"max-video-preview:-1"},"canonical":"https:\/\/agrolefkas.gr\/de\/\u03b1\u03c0\u03bf\u03bb\u03c5\u03bc\u03ac\u03bd\u03c3\u03b5\u03b9\u03c2-covid-19\/","og_locale":"de_DE","og_type":"article","og_title":"\u0391\u03c0\u03bf\u03bb\u03c5\u03bc\u03ac\u03bd\u03c3\u03b5\u03b9\u03c2 Covid-19 - Agrolefkas | \u039b\u03b5\u03c5\u03ba\u03ac\u03b4\u03b1","og_url":"https:\/\/agrolefkas.gr\/de\/\u03b1\u03c0\u03bf\u03bb\u03c5\u03bc\u03ac\u03bd\u03c3\u03b5\u03b9\u03c2-covid-19\/","og_site_name":"Agrolefkas | \u039b\u03b5\u03c5\u03ba\u03ac\u03b4\u03b1","article_publisher":"https:\/\/www.facebook.com\/rompotisaggelos\/","article_modified_time":"2022-04-05T16:43:39+00:00","twitter_card":"summary_large_image","twitter_misc":{"Gesch\u00e4tzte Lesezeit":"1\u00a0Minute"},"schema":{"@context":"https:\/\/schema.org","@graph":[{"@type":"WebPage","@id":"https:\/\/agrolefkas.gr\/%ce%b1%cf%80%ce%bf%ce%bb%cf%85%ce%bc%ce%ac%ce%bd%cf%83%ce%b5%ce%b9%cf%82-covid-19\/","url":"https:\/\/agrolefkas.gr\/%ce%b1%cf%80%ce%bf%ce%bb%cf%85%ce%bc%ce%ac%ce%bd%cf%83%ce%b5%ce%b9%cf%82-covid-19\/","name":"\u0391\u03c0\u03bf\u03bb\u03c5\u03bc\u03ac\u03bd\u03c3\u03b5\u03b9\u03c2 Covid-19 - Agrolefkas | \u039b\u03b5\u03c5\u03ba\u03ac\u03b4\u03b1","isPartOf":{"@id":"https:\/\/agrolefkas.gr\/#website"},"datePublished":"2022-04-04T18:28:49+00:00","dateModified":"2022-04-05T16:43:39+00:00","breadcrumb":{"@id":"https:\/\/agrolefkas.gr\/%ce%b1%cf%80%ce%bf%ce%bb%cf%85%ce%bc%ce%ac%ce%bd%cf%83%ce%b5%ce%b9%cf%82-covid-19\/#breadcrumb"},"inLanguage":"de","potentialAction":[{"@type":"ReadAction","target":["https:\/\/agrolefkas.gr\/%ce%b1%cf%80%ce%bf%ce%bb%cf%85%ce%bc%ce%ac%ce%bd%cf%83%ce%b5%ce%b9%cf%82-covid-19\/"]}]},{"@type":"BreadcrumbList","@id":"https:\/\/agrolefkas.gr\/%ce%b1%cf%80%ce%bf%ce%bb%cf%85%ce%bc%ce%ac%ce%bd%cf%83%ce%b5%ce%b9%cf%82-covid-19\/#breadcrumb","itemListElement":[{"@type":"ListItem","position":1,"name":"Home","item":"https:\/\/agrolefkas.gr\/"},{"@type":"ListItem","position":2,"name":"\u0391\u03c0\u03bf\u03bb\u03c5\u03bc\u03ac\u03bd\u03c3\u03b5\u03b9\u03c2 Covid-19"}]},{"@type":"WebSite","@id":"https:\/\/agrolefkas.gr\/#website","url":"https:\/\/agrolefkas.gr\/","name":"Agrolefkas | \u039b\u03b5\u03c5\u03ba\u03ac\u03b4\u03b1","description":"\u0391\u03a0\u0395\u039d\u03a4\u039f\u039c\u03a9\u03a3\u0395\u0399\u03a3,  \u039c\u03a5\u039f\u039a\u03a4\u039f\u039d\u0399\u0395\u03a3,  \u0391\u03a0\u039f\u039b\u03a5\u039c\u0391\u039d\u03a3\u0395\u0399\u03a3, \u039b\u0395\u03a5\u039a\u0391\u0394\u0391","publisher":{"@id":"https:\/\/agrolefkas.gr\/#organization"},"potentialAction":[{"@type":"SearchAction","target":{"@type":"EntryPoint","urlTemplate":"https:\/\/agrolefkas.gr\/?s={search_term_string}"},"query-input":"required name=search_term_string"}],"inLanguage":"de"},{"@type":"Organization","@id":"https:\/\/agrolefkas.gr\/#organization","name":"Agrolefkas | \u039b\u03b5\u03c5\u03ba\u03ac\u03b4\u03b1","url":"https:\/\/agrolefkas.gr\/","logo":{"@type":"ImageObject","inLanguage":"de","@id":"https:\/\/agrolefkas.gr\/#\/schema\/logo\/image\/","url":"https:\/\/agrolefkas.gr\/wp-content\/uploads\/2021\/04\/logo_transparent.png","contentUrl":"https:\/\/agrolefkas.gr\/wp-content\/uploads\/2021\/04\/logo_transparent.png","width":4358,"height":3306,"caption":"Agrolefkas | \u039b\u03b5\u03c5\u03ba\u03ac\u03b4\u03b1"},"image":{"@id":"https:\/\/agrolefkas.gr\/#\/schema\/logo\/image\/"},"sameAs":["https:\/\/www.facebook.com\/rompotisaggelos\/"]}]}},"_links":{"self":[{"href":"https:\/\/agrolefkas.gr\/de\/wp-json\/wp\/v2\/pages\/9804"}],"collection":[{"href":"https:\/\/agrolefkas.gr\/de\/wp-json\/wp\/v2\/pages"}],"about":[{"href":"https:\/\/agrolefkas.gr\/de\/wp-json\/wp\/v2\/types\/page"}],"author":[{"embeddable":true,"href":"https:\/\/agrolefkas.gr\/de\/wp-json\/wp\/v2\/users\/1"}],"replies":[{"embeddable":true,"href":"https:\/\/agrolefkas.gr\/de\/wp-json\/wp\/v2\/comments?post=9804"}],"version-history":[{"count":3,"href":"https:\/\/agrolefkas.gr\/de\/wp-json\/wp\/v2\/pages\/9804\/revisions"}],"predecessor-version":[{"id":9847,"href":"https:\/\/agrolefkas.gr\/de\/wp-json\/wp\/v2\/pages\/9804\/revisions\/9847"}],"wp:attachment":[{"href":"https:\/\/agrolefkas.gr\/de\/wp-json\/wp\/v2\/media?parent=9804"}],"curies":[{"name":"wp","href":"https:\/\/api.w.org\/{rel}","templated":true}]}}