{"id":9806,"date":"2022-04-04T18:32:33","date_gmt":"2022-04-04T18:32:33","guid":{"rendered":"https:\/\/agrolefkas.gr\/?page_id=9806"},"modified":"2022-04-04T18:32:33","modified_gmt":"2022-04-04T18:32:33","slug":"%cf%84%ce%b5%cf%81%ce%bc%ce%af%cf%84%ce%b5%cf%82-%ce%bc%cf%85%cf%81%ce%bc%ce%ae%ce%b3%ce%ba%ce%b9%ce%b1","status":"publish","type":"page","link":"https:\/\/agrolefkas.gr\/de\/%cf%84%ce%b5%cf%81%ce%bc%ce%af%cf%84%ce%b5%cf%82-%ce%bc%cf%85%cf%81%ce%bc%ce%ae%ce%b3%ce%ba%ce%b9%ce%b1\/","title":{"rendered":"Termiten \/ Ameisen"},"content":{"rendered":"<div class=\"vc_row wpb_row vc_row-fluid\"><div class=\"wpb_column vc_column_container vc_col-sm-12\"><div class=\"vc_column-inner\"><div class=\"wpb_wrapper\"><div class='dt-sc-title script-with-sub-title aligncenter'><h6>Wir k\u00fcmmern uns um die Umwelt<\/h6><h3>TERMITEN \/ AMEISEN<\/h3><\/div><div class=\"ult-spacer spacer-69e753229e589\" data-id=\"69e753229e589\" data-height=\"40\" data-height-mobile=\"20\" data-height-tab=\"30\" data-height-tab-portrait=\"30\" data-height-mobile-landscape=\"20\" style=\"clear:both;display:block;\"><\/div><\/div><\/div><\/div><\/div><div data-vc-full-width=\"true\" data-vc-full-width-init=\"false\" class=\"vc_row wpb_row vc_row-fluid\"><div class=\"wpb_column vc_column_container vc_col-sm-12\"><div class=\"vc_column-inner\"><div class=\"wpb_wrapper\"><div class=\"vc_row wpb_row vc_inner vc_row-fluid vc_row-o-equal-height vc_row-o-content-middle vc_row-flex\"><div class=\"wpb_column vc_column_container vc_col-sm-12\"><div class=\"vc_column-inner\"><div class=\"wpb_wrapper\">\r\n\t<div class=\"wpb_text_column wpb_content_element\" >\r\n\t\t<div class=\"wpb_wrapper\">\r\n\t\t\t<h4 class=\"font_8\">Termiten sind kleine gefl\u00fcgelte Insekten, die oft mit Ameisen verwechselt werden.<\/h4>\n<h5 class=\"font_8\">Sie ern\u00e4hren sich haupts\u00e4chlich von Zellulose und verursachen gro\u00dfe Sch\u00e4den an Holzb\u00f6den, Rahmen, Holzm\u00f6beln, B\u00fcchern, Textilien pflanzlichen Ursprungs usw.<\/h5>\n<h5 class=\"font_8\">Dies sind soziale Insekten, die Kolonien bilden.<\/h5>\n<h5 class=\"font_8\">Im Gegensatz zu anderen holzfressenden Insekten entfernen Termiten kein S\u00e4gemehl und keine Exkremente aus den Kan\u00e4len, sodass der Schaden, den sie anrichten, nicht offensichtlich ist.<\/h5>\n<h5 class=\"font_8\">Sie unterscheiden sich in:<\/h5>\n<ul>\n<li class=\"font_8\">Unterirdische Termiten<\/li>\n<li class=\"font_8\">Wetwood-Termiten<\/li>\n<li class=\"font_8\">Trockenholz-Termiten<\/li>\n<\/ul>\n<h5 class=\"font_8\">Ihre Behandlung erfolgt mit einem speziellen Termitenarzneimittel und bei trockenem Holz durch Auftragen der Oberfl\u00e4che.<\/h5>\n<h5 class=\"font_8\">Die Termiten nehmen das Pr\u00e4parat durch Nahrungsaufnahme auf, und durch die Verteilung an den Rest der Kolonie wird eine allm\u00e4hliche Kontamination der gesamten Kolonie verursacht und folglich zerst\u00f6rt.<\/h5>\n<h5 class=\"font_8\">Notwendig f\u00fcr die richtige Behandlung von Termiten ist die Identifizierung ihrer Kolonie und die Einsch\u00e4tzung der Gr\u00f6\u00dfe des Befalls und des entstandenen Schadens, die die Mitarbeiter von MYOKTONIKIS aufgrund ihrer langj\u00e4hrigen Erfahrung absch\u00e4tzen k\u00f6nnen.<\/h5>\n<h4 class=\"font_8\">Ameisen sind soziale Insekten, die in Gruppen leben, in kleinen oder gro\u00dfen Kolonien.<\/h4>\n<h5 class=\"font_8\"><span class=\"wixGuard\">\u200b<\/span>Gro\u00dfe Kolonien bestehen haupts\u00e4chlich aus unfruchtbaren unfruchtbaren Weibchen (Arbeiterinnen), einigen fruchtbaren M\u00e4nnchen (Drohnen) und einem oder mehreren fruchtbaren Weibchen (K\u00f6niginnen). Kolonien werden manchmal als Multiorganismen bezeichnet, weil Ameisen sich wie eine Einheit zu verhalten scheinen.<\/h5>\n<h5 class=\"font_8\"><span class=\"wixGuard\">\u200b<\/span>Ameisen haben fast alle kontinentalen Regionen der Erde besiedelt und obwohl sie haupts\u00e4chlich auf dem Boden leben, sind sie ein h\u00e4ufiges Problem in Wohngebieten, Lebensmittelgesch\u00e4ften, Lagern usw.<\/h5>\n<h5 class=\"font_8\">Ameisen sind keine \u00dcbertr\u00e4ger schwerer Krankheiten f\u00fcr den Menschen, sie k\u00f6nnen jedoch krankheitserregende Mikroorganismen \u00fcbertragen, da sie sich h\u00e4ufig in Bereichen mit hoher mikrobieller Belastung ern\u00e4hren (Kanalisation, M\u00fclltonnen etc.).<br \/>\nIm Kampf gegen Ameisen ist die Ortung des Nestes wichtig, darauf hat sich unser Unternehmen spezialisiert. Dar\u00fcber hinaus wird innerhalb und au\u00dferhalb von H\u00e4usern und anderen Geb\u00e4uden ein spezielles Gel aufgetragen, das durch Kontakt und durch Einnahme wirkt.<\/h5>\n<h5 class=\"font_8\"><span class=\"wixGuard\">\u200b<\/span>Die Ameisen tragen das Gel zu ihrem Nest, um ihre Nachkommen zu f\u00fcttern, wodurch alles im Nest stirbt.<\/h5>\n\r\n\t\t<\/div>\r\n\t<\/div>\r\n<\/div><\/div><\/div><\/div><\/div><\/div><\/div><\/div><div class=\"vc_row-full-width vc_clearfix\"><\/div><!-- Row Backgrounds --><\/p>","protected":false},"excerpt":{"rendered":"Die Umwelt liegt uns am Herzen. TERMITEN \/ AMEISEN Termiten sind kleine gefl\u00fcgelte Insekten, die oft mit Ameisen verwechselt werden. Sie ern\u00e4hren sich haupts\u00e4chlich von Zellulose und verursachen gro\u00dfen Schaden an Holzb\u00f6den, Rahmen, Holzm\u00f6beln, B\u00fcchern, Textilien pflanzlichen Ursprungs usw. Sie sind soziale Insekten, die Kolonien bilden. Im Gegensatz zu anderen holzfressenden Insekten entfernen Termiten keine [...]","protected":false},"author":1,"featured_media":0,"parent":0,"menu_order":0,"comment_status":"closed","ping_status":"closed","template":"","meta":{"_mi_skip_tracking":false},"yoast_head":"<!-- This site is optimized with the Yoast SEO plugin v20.2.1 - https:\/\/yoast.com\/wordpress\/plugins\/seo\/ -->\n<title>\u03a4\u03b5\u03c1\u03bc\u03af\u03c4\u03b5\u03c2 \/ \u039c\u03c5\u03c1\u03bc\u03ae\u03b3\u03ba\u03b9\u03b1 - Agrolefkas | \u039b\u03b5\u03c5\u03ba\u03ac\u03b4\u03b1<\/title>\n<meta name=\"robots\" content=\"index, follow, max-snippet:-1, max-image-preview:large, max-video-preview:-1\" \/>\n<link rel=\"canonical\" href=\"https:\/\/agrolefkas.gr\/de\/\u03c4\u03b5\u03c1\u03bc\u03af\u03c4\u03b5\u03c2-\u03bc\u03c5\u03c1\u03bc\u03ae\u03b3\u03ba\u03b9\u03b1\/\" \/>\n<meta property=\"og:locale\" content=\"de_DE\" \/>\n<meta property=\"og:type\" content=\"article\" \/>\n<meta property=\"og:title\" content=\"\u03a4\u03b5\u03c1\u03bc\u03af\u03c4\u03b5\u03c2 \/ \u039c\u03c5\u03c1\u03bc\u03ae\u03b3\u03ba\u03b9\u03b1 - Agrolefkas | \u039b\u03b5\u03c5\u03ba\u03ac\u03b4\u03b1\" \/>\n<meta property=\"og:url\" content=\"https:\/\/agrolefkas.gr\/de\/\u03c4\u03b5\u03c1\u03bc\u03af\u03c4\u03b5\u03c2-\u03bc\u03c5\u03c1\u03bc\u03ae\u03b3\u03ba\u03b9\u03b1\/\" \/>\n<meta property=\"og:site_name\" content=\"Agrolefkas | \u039b\u03b5\u03c5\u03ba\u03ac\u03b4\u03b1\" \/>\n<meta property=\"article:publisher\" content=\"https:\/\/www.facebook.com\/rompotisaggelos\/\" \/>\n<meta name=\"twitter:card\" content=\"summary_large_image\" \/>\n<meta name=\"twitter:label1\" content=\"Gesch\u00e4tzte Lesezeit\" \/>\n\t<meta name=\"twitter:data1\" content=\"1\u00a0Minute\" \/>\n<script type=\"application\/ld+json\" class=\"yoast-schema-graph\">{\"@context\":\"https:\/\/schema.org\",\"@graph\":[{\"@type\":\"WebPage\",\"@id\":\"https:\/\/agrolefkas.gr\/%cf%84%ce%b5%cf%81%ce%bc%ce%af%cf%84%ce%b5%cf%82-%ce%bc%cf%85%cf%81%ce%bc%ce%ae%ce%b3%ce%ba%ce%b9%ce%b1\/\",\"url\":\"https:\/\/agrolefkas.gr\/%cf%84%ce%b5%cf%81%ce%bc%ce%af%cf%84%ce%b5%cf%82-%ce%bc%cf%85%cf%81%ce%bc%ce%ae%ce%b3%ce%ba%ce%b9%ce%b1\/\",\"name\":\"\u03a4\u03b5\u03c1\u03bc\u03af\u03c4\u03b5\u03c2 \/ \u039c\u03c5\u03c1\u03bc\u03ae\u03b3\u03ba\u03b9\u03b1 - Agrolefkas | \u039b\u03b5\u03c5\u03ba\u03ac\u03b4\u03b1\",\"isPartOf\":{\"@id\":\"https:\/\/agrolefkas.gr\/#website\"},\"datePublished\":\"2022-04-04T18:32:33+00:00\",\"dateModified\":\"2022-04-04T18:32:33+00:00\",\"breadcrumb\":{\"@id\":\"https:\/\/agrolefkas.gr\/%cf%84%ce%b5%cf%81%ce%bc%ce%af%cf%84%ce%b5%cf%82-%ce%bc%cf%85%cf%81%ce%bc%ce%ae%ce%b3%ce%ba%ce%b9%ce%b1\/#breadcrumb\"},\"inLanguage\":\"de\",\"potentialAction\":[{\"@type\":\"ReadAction\",\"target\":[\"https:\/\/agrolefkas.gr\/%cf%84%ce%b5%cf%81%ce%bc%ce%af%cf%84%ce%b5%cf%82-%ce%bc%cf%85%cf%81%ce%bc%ce%ae%ce%b3%ce%ba%ce%b9%ce%b1\/\"]}]},{\"@type\":\"BreadcrumbList\",\"@id\":\"https:\/\/agrolefkas.gr\/%cf%84%ce%b5%cf%81%ce%bc%ce%af%cf%84%ce%b5%cf%82-%ce%bc%cf%85%cf%81%ce%bc%ce%ae%ce%b3%ce%ba%ce%b9%ce%b1\/#breadcrumb\",\"itemListElement\":[{\"@type\":\"ListItem\",\"position\":1,\"name\":\"Home\",\"item\":\"https:\/\/agrolefkas.gr\/\"},{\"@type\":\"ListItem\",\"position\":2,\"name\":\"\u03a4\u03b5\u03c1\u03bc\u03af\u03c4\u03b5\u03c2 \/ \u039c\u03c5\u03c1\u03bc\u03ae\u03b3\u03ba\u03b9\u03b1\"}]},{\"@type\":\"WebSite\",\"@id\":\"https:\/\/agrolefkas.gr\/#website\",\"url\":\"https:\/\/agrolefkas.gr\/\",\"name\":\"Agrolefkas | \u039b\u03b5\u03c5\u03ba\u03ac\u03b4\u03b1\",\"description\":\"\u0391\u03a0\u0395\u039d\u03a4\u039f\u039c\u03a9\u03a3\u0395\u0399\u03a3,  \u039c\u03a5\u039f\u039a\u03a4\u039f\u039d\u0399\u0395\u03a3,  \u0391\u03a0\u039f\u039b\u03a5\u039c\u0391\u039d\u03a3\u0395\u0399\u03a3, \u039b\u0395\u03a5\u039a\u0391\u0394\u0391\",\"publisher\":{\"@id\":\"https:\/\/agrolefkas.gr\/#organization\"},\"potentialAction\":[{\"@type\":\"SearchAction\",\"target\":{\"@type\":\"EntryPoint\",\"urlTemplate\":\"https:\/\/agrolefkas.gr\/?s={search_term_string}\"},\"query-input\":\"required name=search_term_string\"}],\"inLanguage\":\"de\"},{\"@type\":\"Organization\",\"@id\":\"https:\/\/agrolefkas.gr\/#organization\",\"name\":\"Agrolefkas | \u039b\u03b5\u03c5\u03ba\u03ac\u03b4\u03b1\",\"url\":\"https:\/\/agrolefkas.gr\/\",\"logo\":{\"@type\":\"ImageObject\",\"inLanguage\":\"de\",\"@id\":\"https:\/\/agrolefkas.gr\/#\/schema\/logo\/image\/\",\"url\":\"https:\/\/agrolefkas.gr\/wp-content\/uploads\/2021\/04\/logo_transparent.png\",\"contentUrl\":\"https:\/\/agrolefkas.gr\/wp-content\/uploads\/2021\/04\/logo_transparent.png\",\"width\":4358,\"height\":3306,\"caption\":\"Agrolefkas | \u039b\u03b5\u03c5\u03ba\u03ac\u03b4\u03b1\"},\"image\":{\"@id\":\"https:\/\/agrolefkas.gr\/#\/schema\/logo\/image\/\"},\"sameAs\":[\"https:\/\/www.facebook.com\/rompotisaggelos\/\"]}]}<\/script>\n<!-- \/ Yoast SEO plugin. -->","yoast_head_json":{"title":"\u03a4\u03b5\u03c1\u03bc\u03af\u03c4\u03b5\u03c2 \/ \u039c\u03c5\u03c1\u03bc\u03ae\u03b3\u03ba\u03b9\u03b1 - Agrolefkas | \u039b\u03b5\u03c5\u03ba\u03ac\u03b4\u03b1","robots":{"index":"index","follow":"follow","max-snippet":"max-snippet:-1","max-image-preview":"max-image-preview:large","max-video-preview":"max-video-preview:-1"},"canonical":"https:\/\/agrolefkas.gr\/de\/\u03c4\u03b5\u03c1\u03bc\u03af\u03c4\u03b5\u03c2-\u03bc\u03c5\u03c1\u03bc\u03ae\u03b3\u03ba\u03b9\u03b1\/","og_locale":"de_DE","og_type":"article","og_title":"\u03a4\u03b5\u03c1\u03bc\u03af\u03c4\u03b5\u03c2 \/ \u039c\u03c5\u03c1\u03bc\u03ae\u03b3\u03ba\u03b9\u03b1 - Agrolefkas | \u039b\u03b5\u03c5\u03ba\u03ac\u03b4\u03b1","og_url":"https:\/\/agrolefkas.gr\/de\/\u03c4\u03b5\u03c1\u03bc\u03af\u03c4\u03b5\u03c2-\u03bc\u03c5\u03c1\u03bc\u03ae\u03b3\u03ba\u03b9\u03b1\/","og_site_name":"Agrolefkas | \u039b\u03b5\u03c5\u03ba\u03ac\u03b4\u03b1","article_publisher":"https:\/\/www.facebook.com\/rompotisaggelos\/","twitter_card":"summary_large_image","twitter_misc":{"Gesch\u00e4tzte Lesezeit":"1\u00a0Minute"},"schema":{"@context":"https:\/\/schema.org","@graph":[{"@type":"WebPage","@id":"https:\/\/agrolefkas.gr\/%cf%84%ce%b5%cf%81%ce%bc%ce%af%cf%84%ce%b5%cf%82-%ce%bc%cf%85%cf%81%ce%bc%ce%ae%ce%b3%ce%ba%ce%b9%ce%b1\/","url":"https:\/\/agrolefkas.gr\/%cf%84%ce%b5%cf%81%ce%bc%ce%af%cf%84%ce%b5%cf%82-%ce%bc%cf%85%cf%81%ce%bc%ce%ae%ce%b3%ce%ba%ce%b9%ce%b1\/","name":"\u03a4\u03b5\u03c1\u03bc\u03af\u03c4\u03b5\u03c2 \/ \u039c\u03c5\u03c1\u03bc\u03ae\u03b3\u03ba\u03b9\u03b1 - Agrolefkas | \u039b\u03b5\u03c5\u03ba\u03ac\u03b4\u03b1","isPartOf":{"@id":"https:\/\/agrolefkas.gr\/#website"},"datePublished":"2022-04-04T18:32:33+00:00","dateModified":"2022-04-04T18:32:33+00:00","breadcrumb":{"@id":"https:\/\/agrolefkas.gr\/%cf%84%ce%b5%cf%81%ce%bc%ce%af%cf%84%ce%b5%cf%82-%ce%bc%cf%85%cf%81%ce%bc%ce%ae%ce%b3%ce%ba%ce%b9%ce%b1\/#breadcrumb"},"inLanguage":"de","potentialAction":[{"@type":"ReadAction","target":["https:\/\/agrolefkas.gr\/%cf%84%ce%b5%cf%81%ce%bc%ce%af%cf%84%ce%b5%cf%82-%ce%bc%cf%85%cf%81%ce%bc%ce%ae%ce%b3%ce%ba%ce%b9%ce%b1\/"]}]},{"@type":"BreadcrumbList","@id":"https:\/\/agrolefkas.gr\/%cf%84%ce%b5%cf%81%ce%bc%ce%af%cf%84%ce%b5%cf%82-%ce%bc%cf%85%cf%81%ce%bc%ce%ae%ce%b3%ce%ba%ce%b9%ce%b1\/#breadcrumb","itemListElement":[{"@type":"ListItem","position":1,"name":"Home","item":"https:\/\/agrolefkas.gr\/"},{"@type":"ListItem","position":2,"name":"\u03a4\u03b5\u03c1\u03bc\u03af\u03c4\u03b5\u03c2 \/ \u039c\u03c5\u03c1\u03bc\u03ae\u03b3\u03ba\u03b9\u03b1"}]},{"@type":"WebSite","@id":"https:\/\/agrolefkas.gr\/#website","url":"https:\/\/agrolefkas.gr\/","name":"Agrolefkas | \u039b\u03b5\u03c5\u03ba\u03ac\u03b4\u03b1","description":"\u0391\u03a0\u0395\u039d\u03a4\u039f\u039c\u03a9\u03a3\u0395\u0399\u03a3,  \u039c\u03a5\u039f\u039a\u03a4\u039f\u039d\u0399\u0395\u03a3,  \u0391\u03a0\u039f\u039b\u03a5\u039c\u0391\u039d\u03a3\u0395\u0399\u03a3, \u039b\u0395\u03a5\u039a\u0391\u0394\u0391","publisher":{"@id":"https:\/\/agrolefkas.gr\/#organization"},"potentialAction":[{"@type":"SearchAction","target":{"@type":"EntryPoint","urlTemplate":"https:\/\/agrolefkas.gr\/?s={search_term_string}"},"query-input":"required name=search_term_string"}],"inLanguage":"de"},{"@type":"Organization","@id":"https:\/\/agrolefkas.gr\/#organization","name":"Agrolefkas | \u039b\u03b5\u03c5\u03ba\u03ac\u03b4\u03b1","url":"https:\/\/agrolefkas.gr\/","logo":{"@type":"ImageObject","inLanguage":"de","@id":"https:\/\/agrolefkas.gr\/#\/schema\/logo\/image\/","url":"https:\/\/agrolefkas.gr\/wp-content\/uploads\/2021\/04\/logo_transparent.png","contentUrl":"https:\/\/agrolefkas.gr\/wp-content\/uploads\/2021\/04\/logo_transparent.png","width":4358,"height":3306,"caption":"Agrolefkas | \u039b\u03b5\u03c5\u03ba\u03ac\u03b4\u03b1"},"image":{"@id":"https:\/\/agrolefkas.gr\/#\/schema\/logo\/image\/"},"sameAs":["https:\/\/www.facebook.com\/rompotisaggelos\/"]}]}},"_links":{"self":[{"href":"https:\/\/agrolefkas.gr\/de\/wp-json\/wp\/v2\/pages\/9806"}],"collection":[{"href":"https:\/\/agrolefkas.gr\/de\/wp-json\/wp\/v2\/pages"}],"about":[{"href":"https:\/\/agrolefkas.gr\/de\/wp-json\/wp\/v2\/types\/page"}],"author":[{"embeddable":true,"href":"https:\/\/agrolefkas.gr\/de\/wp-json\/wp\/v2\/users\/1"}],"replies":[{"embeddable":true,"href":"https:\/\/agrolefkas.gr\/de\/wp-json\/wp\/v2\/comments?post=9806"}],"version-history":[{"count":1,"href":"https:\/\/agrolefkas.gr\/de\/wp-json\/wp\/v2\/pages\/9806\/revisions"}],"predecessor-version":[{"id":9813,"href":"https:\/\/agrolefkas.gr\/de\/wp-json\/wp\/v2\/pages\/9806\/revisions\/9813"}],"wp:attachment":[{"href":"https:\/\/agrolefkas.gr\/de\/wp-json\/wp\/v2\/media?parent=9806"}],"curies":[{"name":"wp","href":"https:\/\/api.w.org\/{rel}","templated":true}]}}