{"id":9807,"date":"2022-04-04T18:34:25","date_gmt":"2022-04-04T18:34:25","guid":{"rendered":"https:\/\/agrolefkas.gr\/?page_id=9807"},"modified":"2022-04-04T18:34:25","modified_gmt":"2022-04-04T18:34:25","slug":"%ce%ba%ce%bf%cf%85%ce%bd%ce%bf%cf%8d%cf%80%ce%b9%ce%b1","status":"publish","type":"page","link":"https:\/\/agrolefkas.gr\/de\/%ce%ba%ce%bf%cf%85%ce%bd%ce%bf%cf%8d%cf%80%ce%b9%ce%b1\/","title":{"rendered":"M\u00fccken"},"content":{"rendered":"<div class=\"vc_row wpb_row vc_row-fluid\"><div class=\"wpb_column vc_column_container vc_col-sm-12\"><div class=\"vc_column-inner\"><div class=\"wpb_wrapper\"><div class='dt-sc-title script-with-sub-title aligncenter'><h6>Wir k\u00fcmmern uns um die Umwelt<\/h6><h3>M\u00fccken<\/h3><\/div><div class=\"ult-spacer spacer-69ec2e3b5b681\" data-id=\"69ec2e3b5b681\" data-height=\"40\" data-height-mobile=\"20\" data-height-tab=\"30\" data-height-tab-portrait=\"30\" data-height-mobile-landscape=\"20\" style=\"clear:both;display:block;\"><\/div><\/div><\/div><\/div><\/div><div data-vc-full-width=\"true\" data-vc-full-width-init=\"false\" class=\"vc_row wpb_row vc_row-fluid\"><div class=\"wpb_column vc_column_container vc_col-sm-12\"><div class=\"vc_column-inner\"><div class=\"wpb_wrapper\"><div class=\"vc_row wpb_row vc_inner vc_row-fluid vc_row-o-equal-height vc_row-o-content-middle vc_row-flex\"><div class=\"wpb_column vc_column_container vc_col-sm-12\"><div class=\"vc_column-inner\"><div class=\"wpb_wrapper\">\r\n\t<div class=\"wpb_text_column wpb_content_element\" >\r\n\t\t<div class=\"wpb_wrapper\">\r\n\t\t\t<h4 class=\"font_8\">Die M\u00fccke ist ein zweifl\u00fcgliges Insekt mit etwa 3500 Arten auf der ganzen Welt.<\/h4>\n<h5 class=\"font_8\">M\u00fccken ern\u00e4hren sich von Nektar oder Pollen, aber die Weibchen brauchen auch Blut, um sich fortzupflanzen.<\/h5>\n<h5 class=\"font_8\">Ein Weibchen legt nach einer Blutmahlzeit seine Eier auf einer Wasseroberfl\u00e4che ab. M\u00fcckenlarven sind aquatisch. Daher sind Orte mit Wasser die ideale Umgebung, in der die Larven schl\u00fcpfen und bleiben k\u00f6nnen, bis sie sich in perfekte Insekten verwandeln (gedeihen).<\/h5>\n<h5 class=\"font_8\">M\u00fccken sind nicht nur l\u00e4stige Sch\u00e4dlinge, sondern k\u00f6nnen auch sehr ernste Krankheiten wie das West-Nil-Virus, Dengue-Fieber und Malaria \u00fcbertragen.<\/h5>\n<h5 class=\"font_8\">In Griechenland sind die am h\u00e4ufigsten gefundenen M\u00fcckengattungen:<\/h5>\n<ol class=\"font_8\">\n<li>\n<h5 class=\"font_8\">Culex (gemeine M\u00fccke)<\/h5>\n<\/li>\n<li>\n<h5 class=\"font_8\">Anopheles<\/h5>\n<\/li>\n<li>\n<h5 class=\"font_8\">Aedes (Tigerm\u00fccke)<\/h5>\n<\/li>\n<\/ol>\n<h5 class=\"font_8\">Die Bek\u00e4mpfung von M\u00fccken erfolgt durch Restbespr\u00fchung an den Stellen, an denen sie wachsen, und auf den Oberfl\u00e4chen, auf denen sich die M\u00fccken aufhalten.<\/h5>\n<h5 class=\"font_8\">Das Spr\u00fchen erfolgt mit zugelassenen E.O.F. und vom Ministerium f\u00fcr l\u00e4ndliche Entwicklung und Lebensmittelzubereitungen. Diese Pr\u00e4parate sind geruchlos, f\u00e4rben nicht und sind freundlich zu Umwelt, Tieren und Menschen.<\/h5>\n<h5 class=\"font_8\">Zus\u00e4tzlich werden Lichtfallen mit einem Lockstoff (CO2) platziert, um gedeihende Insekten einzufangen.<\/h5>\n\r\n\t\t<\/div>\r\n\t<\/div>\r\n<\/div><\/div><\/div><\/div><\/div><\/div><\/div><\/div><div class=\"vc_row-full-width vc_clearfix\"><\/div><!-- Row Backgrounds --><\/p>","protected":false},"excerpt":{"rendered":"Die Umwelt liegt uns am Herzen. M\u00fccken Die M\u00fccke ist ein Diptereninsekt mit etwa 3500 Arten auf der ganzen Welt. M\u00fccken ern\u00e4hren sich von Nektar oder Pollen, aber auch die Weibchen ben\u00f6tigen Blut zur Fortpflanzung. Ein Weibchen legt nach einer Blutmahlzeit seine Eier auf einer Wasseroberfl\u00e4che ab. M\u00fcckenlarven leben im Wasser. Daher sind Punkte mit Wasser [...]","protected":false},"author":1,"featured_media":0,"parent":0,"menu_order":0,"comment_status":"closed","ping_status":"closed","template":"","meta":{"_mi_skip_tracking":false},"yoast_head":"<!-- This site is optimized with the Yoast SEO plugin v20.2.1 - https:\/\/yoast.com\/wordpress\/plugins\/seo\/ -->\n<title>\u039a\u03bf\u03c5\u03bd\u03bf\u03cd\u03c0\u03b9\u03b1 - Agrolefkas | \u039b\u03b5\u03c5\u03ba\u03ac\u03b4\u03b1<\/title>\n<meta name=\"robots\" content=\"index, follow, max-snippet:-1, max-image-preview:large, max-video-preview:-1\" \/>\n<link rel=\"canonical\" href=\"https:\/\/agrolefkas.gr\/de\/\u03ba\u03bf\u03c5\u03bd\u03bf\u03cd\u03c0\u03b9\u03b1\/\" \/>\n<meta property=\"og:locale\" content=\"de_DE\" \/>\n<meta property=\"og:type\" content=\"article\" \/>\n<meta property=\"og:title\" content=\"\u039a\u03bf\u03c5\u03bd\u03bf\u03cd\u03c0\u03b9\u03b1 - Agrolefkas | \u039b\u03b5\u03c5\u03ba\u03ac\u03b4\u03b1\" \/>\n<meta property=\"og:url\" content=\"https:\/\/agrolefkas.gr\/de\/\u03ba\u03bf\u03c5\u03bd\u03bf\u03cd\u03c0\u03b9\u03b1\/\" \/>\n<meta property=\"og:site_name\" content=\"Agrolefkas | \u039b\u03b5\u03c5\u03ba\u03ac\u03b4\u03b1\" \/>\n<meta property=\"article:publisher\" content=\"https:\/\/www.facebook.com\/rompotisaggelos\/\" \/>\n<meta name=\"twitter:card\" content=\"summary_large_image\" \/>\n<meta name=\"twitter:label1\" content=\"Gesch\u00e4tzte Lesezeit\" \/>\n\t<meta name=\"twitter:data1\" content=\"1\u00a0Minute\" \/>\n<script type=\"application\/ld+json\" class=\"yoast-schema-graph\">{\"@context\":\"https:\/\/schema.org\",\"@graph\":[{\"@type\":\"WebPage\",\"@id\":\"https:\/\/agrolefkas.gr\/de\/%ce%ba%ce%bf%cf%85%ce%bd%ce%bf%cf%8d%cf%80%ce%b9%ce%b1\/\",\"url\":\"https:\/\/agrolefkas.gr\/de\/%ce%ba%ce%bf%cf%85%ce%bd%ce%bf%cf%8d%cf%80%ce%b9%ce%b1\/\",\"name\":\"\u039a\u03bf\u03c5\u03bd\u03bf\u03cd\u03c0\u03b9\u03b1 - Agrolefkas | \u039b\u03b5\u03c5\u03ba\u03ac\u03b4\u03b1\",\"isPartOf\":{\"@id\":\"https:\/\/agrolefkas.gr\/#website\"},\"datePublished\":\"2022-04-04T18:34:25+00:00\",\"dateModified\":\"2022-04-04T18:34:25+00:00\",\"breadcrumb\":{\"@id\":\"https:\/\/agrolefkas.gr\/de\/%ce%ba%ce%bf%cf%85%ce%bd%ce%bf%cf%8d%cf%80%ce%b9%ce%b1\/#breadcrumb\"},\"inLanguage\":\"de\",\"potentialAction\":[{\"@type\":\"ReadAction\",\"target\":[\"https:\/\/agrolefkas.gr\/de\/%ce%ba%ce%bf%cf%85%ce%bd%ce%bf%cf%8d%cf%80%ce%b9%ce%b1\/\"]}]},{\"@type\":\"BreadcrumbList\",\"@id\":\"https:\/\/agrolefkas.gr\/de\/%ce%ba%ce%bf%cf%85%ce%bd%ce%bf%cf%8d%cf%80%ce%b9%ce%b1\/#breadcrumb\",\"itemListElement\":[{\"@type\":\"ListItem\",\"position\":1,\"name\":\"Home\",\"item\":\"https:\/\/agrolefkas.gr\/\"},{\"@type\":\"ListItem\",\"position\":2,\"name\":\"\u039a\u03bf\u03c5\u03bd\u03bf\u03cd\u03c0\u03b9\u03b1\"}]},{\"@type\":\"WebSite\",\"@id\":\"https:\/\/agrolefkas.gr\/#website\",\"url\":\"https:\/\/agrolefkas.gr\/\",\"name\":\"Agrolefkas | \u039b\u03b5\u03c5\u03ba\u03ac\u03b4\u03b1\",\"description\":\"\u0391\u03a0\u0395\u039d\u03a4\u039f\u039c\u03a9\u03a3\u0395\u0399\u03a3,  \u039c\u03a5\u039f\u039a\u03a4\u039f\u039d\u0399\u0395\u03a3,  \u0391\u03a0\u039f\u039b\u03a5\u039c\u0391\u039d\u03a3\u0395\u0399\u03a3, \u039b\u0395\u03a5\u039a\u0391\u0394\u0391\",\"publisher\":{\"@id\":\"https:\/\/agrolefkas.gr\/#organization\"},\"potentialAction\":[{\"@type\":\"SearchAction\",\"target\":{\"@type\":\"EntryPoint\",\"urlTemplate\":\"https:\/\/agrolefkas.gr\/?s={search_term_string}\"},\"query-input\":\"required name=search_term_string\"}],\"inLanguage\":\"de\"},{\"@type\":\"Organization\",\"@id\":\"https:\/\/agrolefkas.gr\/#organization\",\"name\":\"Agrolefkas | \u039b\u03b5\u03c5\u03ba\u03ac\u03b4\u03b1\",\"url\":\"https:\/\/agrolefkas.gr\/\",\"logo\":{\"@type\":\"ImageObject\",\"inLanguage\":\"de\",\"@id\":\"https:\/\/agrolefkas.gr\/#\/schema\/logo\/image\/\",\"url\":\"https:\/\/agrolefkas.gr\/wp-content\/uploads\/2021\/04\/logo_transparent.png\",\"contentUrl\":\"https:\/\/agrolefkas.gr\/wp-content\/uploads\/2021\/04\/logo_transparent.png\",\"width\":4358,\"height\":3306,\"caption\":\"Agrolefkas | \u039b\u03b5\u03c5\u03ba\u03ac\u03b4\u03b1\"},\"image\":{\"@id\":\"https:\/\/agrolefkas.gr\/#\/schema\/logo\/image\/\"},\"sameAs\":[\"https:\/\/www.facebook.com\/rompotisaggelos\/\"]}]}<\/script>\n<!-- \/ Yoast SEO plugin. -->","yoast_head_json":{"title":"\u039a\u03bf\u03c5\u03bd\u03bf\u03cd\u03c0\u03b9\u03b1 - Agrolefkas | \u039b\u03b5\u03c5\u03ba\u03ac\u03b4\u03b1","robots":{"index":"index","follow":"follow","max-snippet":"max-snippet:-1","max-image-preview":"max-image-preview:large","max-video-preview":"max-video-preview:-1"},"canonical":"https:\/\/agrolefkas.gr\/de\/\u03ba\u03bf\u03c5\u03bd\u03bf\u03cd\u03c0\u03b9\u03b1\/","og_locale":"de_DE","og_type":"article","og_title":"\u039a\u03bf\u03c5\u03bd\u03bf\u03cd\u03c0\u03b9\u03b1 - Agrolefkas | \u039b\u03b5\u03c5\u03ba\u03ac\u03b4\u03b1","og_url":"https:\/\/agrolefkas.gr\/de\/\u03ba\u03bf\u03c5\u03bd\u03bf\u03cd\u03c0\u03b9\u03b1\/","og_site_name":"Agrolefkas | \u039b\u03b5\u03c5\u03ba\u03ac\u03b4\u03b1","article_publisher":"https:\/\/www.facebook.com\/rompotisaggelos\/","twitter_card":"summary_large_image","twitter_misc":{"Gesch\u00e4tzte Lesezeit":"1\u00a0Minute"},"schema":{"@context":"https:\/\/schema.org","@graph":[{"@type":"WebPage","@id":"https:\/\/agrolefkas.gr\/de\/%ce%ba%ce%bf%cf%85%ce%bd%ce%bf%cf%8d%cf%80%ce%b9%ce%b1\/","url":"https:\/\/agrolefkas.gr\/de\/%ce%ba%ce%bf%cf%85%ce%bd%ce%bf%cf%8d%cf%80%ce%b9%ce%b1\/","name":"\u039a\u03bf\u03c5\u03bd\u03bf\u03cd\u03c0\u03b9\u03b1 - Agrolefkas | \u039b\u03b5\u03c5\u03ba\u03ac\u03b4\u03b1","isPartOf":{"@id":"https:\/\/agrolefkas.gr\/#website"},"datePublished":"2022-04-04T18:34:25+00:00","dateModified":"2022-04-04T18:34:25+00:00","breadcrumb":{"@id":"https:\/\/agrolefkas.gr\/de\/%ce%ba%ce%bf%cf%85%ce%bd%ce%bf%cf%8d%cf%80%ce%b9%ce%b1\/#breadcrumb"},"inLanguage":"de","potentialAction":[{"@type":"ReadAction","target":["https:\/\/agrolefkas.gr\/de\/%ce%ba%ce%bf%cf%85%ce%bd%ce%bf%cf%8d%cf%80%ce%b9%ce%b1\/"]}]},{"@type":"BreadcrumbList","@id":"https:\/\/agrolefkas.gr\/de\/%ce%ba%ce%bf%cf%85%ce%bd%ce%bf%cf%8d%cf%80%ce%b9%ce%b1\/#breadcrumb","itemListElement":[{"@type":"ListItem","position":1,"name":"Home","item":"https:\/\/agrolefkas.gr\/"},{"@type":"ListItem","position":2,"name":"\u039a\u03bf\u03c5\u03bd\u03bf\u03cd\u03c0\u03b9\u03b1"}]},{"@type":"WebSite","@id":"https:\/\/agrolefkas.gr\/#website","url":"https:\/\/agrolefkas.gr\/","name":"Agrolefkas | \u039b\u03b5\u03c5\u03ba\u03ac\u03b4\u03b1","description":"\u0391\u03a0\u0395\u039d\u03a4\u039f\u039c\u03a9\u03a3\u0395\u0399\u03a3,  \u039c\u03a5\u039f\u039a\u03a4\u039f\u039d\u0399\u0395\u03a3,  \u0391\u03a0\u039f\u039b\u03a5\u039c\u0391\u039d\u03a3\u0395\u0399\u03a3, \u039b\u0395\u03a5\u039a\u0391\u0394\u0391","publisher":{"@id":"https:\/\/agrolefkas.gr\/#organization"},"potentialAction":[{"@type":"SearchAction","target":{"@type":"EntryPoint","urlTemplate":"https:\/\/agrolefkas.gr\/?s={search_term_string}"},"query-input":"required name=search_term_string"}],"inLanguage":"de"},{"@type":"Organization","@id":"https:\/\/agrolefkas.gr\/#organization","name":"Agrolefkas | \u039b\u03b5\u03c5\u03ba\u03ac\u03b4\u03b1","url":"https:\/\/agrolefkas.gr\/","logo":{"@type":"ImageObject","inLanguage":"de","@id":"https:\/\/agrolefkas.gr\/#\/schema\/logo\/image\/","url":"https:\/\/agrolefkas.gr\/wp-content\/uploads\/2021\/04\/logo_transparent.png","contentUrl":"https:\/\/agrolefkas.gr\/wp-content\/uploads\/2021\/04\/logo_transparent.png","width":4358,"height":3306,"caption":"Agrolefkas | \u039b\u03b5\u03c5\u03ba\u03ac\u03b4\u03b1"},"image":{"@id":"https:\/\/agrolefkas.gr\/#\/schema\/logo\/image\/"},"sameAs":["https:\/\/www.facebook.com\/rompotisaggelos\/"]}]}},"_links":{"self":[{"href":"https:\/\/agrolefkas.gr\/de\/wp-json\/wp\/v2\/pages\/9807"}],"collection":[{"href":"https:\/\/agrolefkas.gr\/de\/wp-json\/wp\/v2\/pages"}],"about":[{"href":"https:\/\/agrolefkas.gr\/de\/wp-json\/wp\/v2\/types\/page"}],"author":[{"embeddable":true,"href":"https:\/\/agrolefkas.gr\/de\/wp-json\/wp\/v2\/users\/1"}],"replies":[{"embeddable":true,"href":"https:\/\/agrolefkas.gr\/de\/wp-json\/wp\/v2\/comments?post=9807"}],"version-history":[{"count":1,"href":"https:\/\/agrolefkas.gr\/de\/wp-json\/wp\/v2\/pages\/9807\/revisions"}],"predecessor-version":[{"id":9815,"href":"https:\/\/agrolefkas.gr\/de\/wp-json\/wp\/v2\/pages\/9807\/revisions\/9815"}],"wp:attachment":[{"href":"https:\/\/agrolefkas.gr\/de\/wp-json\/wp\/v2\/media?parent=9807"}],"curies":[{"name":"wp","href":"https:\/\/api.w.org\/{rel}","templated":true}]}}