{"id":9810,"date":"2022-04-04T18:38:48","date_gmt":"2022-04-04T18:38:48","guid":{"rendered":"https:\/\/agrolefkas.gr\/?page_id=9810"},"modified":"2022-04-04T18:38:48","modified_gmt":"2022-04-04T18:38:48","slug":"%ce%ba%ce%bf%cf%81%ce%b9%ce%bf%ce%af","status":"publish","type":"page","link":"https:\/\/agrolefkas.gr\/de\/%ce%ba%ce%bf%cf%81%ce%b9%ce%bf%ce%af\/","title":{"rendered":"Bettwanzen"},"content":{"rendered":"<div class=\"vc_row wpb_row vc_row-fluid\"><div class=\"wpb_column vc_column_container vc_col-sm-12\"><div class=\"vc_column-inner\"><div class=\"wpb_wrapper\"><div class='dt-sc-title script-with-sub-title aligncenter'><h6>Wir k\u00fcmmern uns um die Umwelt<\/h6><h3>Bettwanzen<\/h3><\/div><div class=\"ult-spacer spacer-6a07ee4ddb27c\" data-id=\"6a07ee4ddb27c\" data-height=\"40\" data-height-mobile=\"20\" data-height-tab=\"30\" data-height-tab-portrait=\"30\" data-height-mobile-landscape=\"20\" style=\"clear:both;display:block;\"><\/div><\/div><\/div><\/div><\/div><div data-vc-full-width=\"true\" data-vc-full-width-init=\"false\" class=\"vc_row wpb_row vc_row-fluid\"><div class=\"wpb_column vc_column_container vc_col-sm-12\"><div class=\"vc_column-inner\"><div class=\"wpb_wrapper\"><div class=\"vc_row wpb_row vc_inner vc_row-fluid vc_row-o-equal-height vc_row-o-content-middle vc_row-flex\"><div class=\"wpb_column vc_column_container vc_col-sm-12\"><div class=\"vc_column-inner\"><div class=\"wpb_wrapper\">\r\n\t<div class=\"wpb_text_column wpb_content_element\" >\r\n\t\t<div class=\"wpb_wrapper\">\r\n\t\t\t<h5 class=\"font_8\">Bettwanzen sind kleine parasit\u00e4re Insekten, die sich von Blut ern\u00e4hren.<\/h5>\n<h5 class=\"font_8\">Sie sind sehr widerstandsf\u00e4hig gegen\u00fcber Umwelteinfl\u00fcssen und ihre Lebensdauer kann mehr als zwei Jahre betragen, w\u00e4hrend sie ohne Nahrung bis zu einem Jahr \u00fcberleben k\u00f6nnen.<\/h5>\n<h5 class=\"font_8\">Sie leben in Gruppen und k\u00f6nnen in Spalten von B\u00f6den, W\u00e4nden, M\u00f6beln, in den N\u00e4hten und im Inneren von Matratzen, in Kleiderschr\u00e4nken, Sofas, in Steckdosen und sogar hinter Wandbeh\u00e4ngen gefunden werden.<\/h5>\n<h5 class=\"font_8\">Bettwanzen oder ihre Eier werden normalerweise durch Gep\u00e4ck, Kleidung, M\u00f6bel und andere Gegenst\u00e4nde transportiert, die Reisende mit sich f\u00fchren.<\/h5>\n<h5 class=\"font_8\">Da sie sich von Blut ern\u00e4hren, ist die Sauberkeit eines Raumes kein ausschlaggebender Faktor f\u00fcr das Vorhandensein von Bettwanzen. Sie k\u00f6nnen \u00fcberall auftreten.<\/h5>\n<h5 class=\"font_8\">Die h\u00e4ufigsten Bettwanzenarten, die am besten an die menschliche Umgebung angepasst sind, geh\u00f6ren zur Gattung Cimex.<\/h5>\n<h5 class=\"font_8\">Es gibt keine Untersuchungen, die belegen, dass Bettwanzen \u00dcbertr\u00e4ger von f\u00fcr den Menschen sch\u00e4dlichen Krankheiten werden k\u00f6nnen.<\/h5>\n<h5 class=\"font_8\">Sie k\u00f6nnen jedoch Allergien und Asthma verschlimmern.<\/h5>\n<h5 class=\"font_8\">An der Stelle eines Bettwanzenstichs treten R\u00f6tungen und Juckreiz auf. Bettwanzenbisse bilden normalerweise eine Linie.<\/h5>\n<h5 class=\"font_8\">Die Bek\u00e4mpfung von Bettwanzen erfolgt durch fl\u00e4chendeckendes Aufspr\u00fchen einer zugelassenen Formulierung im Innen- und Au\u00dfenbereich. Die Formulierung ist geruchlos, hinterl\u00e4sst keine Flecken und ist sicher f\u00fcr die Anwendung bei Haustieren.<\/h5>\n<h5 class=\"font_8\">Im Kampf gegen Bettwanzen ist es notwendig, ihr Nest zu identifizieren und das Ausma\u00df ihrer Ausbreitung und ihres Befalls zu beurteilen. Dies ist zwar recht schwierig, das Personal von MYOKTONIKIS ist jedoch entsprechend geschult und verf\u00fcgt \u00fcber die entsprechende Erfahrung, um es umzusetzen.<\/h5>\n\r\n\t\t<\/div>\r\n\t<\/div>\r\n<\/div><\/div><\/div><\/div><\/div><\/div><\/div><\/div><div class=\"vc_row-full-width vc_clearfix\"><\/div><!-- Row Backgrounds --><\/p>","protected":false},"excerpt":{"rendered":"\u039d\u03bf\u03b9\u03b1\u03b6\u03cc\u03bc\u03b1\u03c3\u03c4\u03b5 \u03b3\u03b9\u03b1 \u03c4\u03bf \u03c0\u03b5\u03c1\u03b9\u03b2\u03ac\u03bb\u03bb\u03bf\u03bd\u039a\u03bf\u03c1\u03b9\u03bf\u03af \u039f\u03b9\u00a0\u03ba\u03bf\u03c1\u03b9\u03bf\u03af\u00a0\u03b5\u03af\u03bd\u03b1\u03b9 \u03bc\u03b9\u03ba\u03c1\u03ac \u03c0\u03b1\u03c1\u03b1\u03c3\u03b9\u03c4\u03b9\u03ba\u03ac \u03ad\u03bd\u03c4\u03bf\u03bc\u03b1 \u03c0\u03bf\u03c5 \u03c4\u03c1\u03ad\u03c6\u03bf\u03bd\u03c4\u03b1\u03b9 \u03bc\u03b5 \u03b1\u03af\u03bc\u03b1. \u0395\u03af\u03bd\u03b1\u03b9 \u03c0\u03bf\u03bb\u03cd \u03b1\u03bd\u03b8\u03b5\u03ba\u03c4\u03b9\u03ba\u03bf\u03af \u03c3\u03c4\u03b9\u03c2 \u03c0\u03b5\u03c1\u03b9\u03b2\u03b1\u03bb\u03bb\u03bf\u03bd\u03c4\u03b9\u03ba\u03ad\u03c2 \u03c3\u03c5\u03bd\u03b8\u03ae\u03ba\u03b5\u03c2 \u03ba\u03b1\u03b9 \u03b7 \u03b4\u03b9\u03ac\u03c1\u03ba\u03b5\u03b9\u03b1 \u03b6\u03c9\u03ae\u03c2 \u03c4\u03bf\u03c5\u03c2 \u03bc\u03c0\u03bf\u03c1\u03b5\u03af \u03bd\u03b1 \u03be\u03b5\u03c0\u03b5\u03c1\u03ac\u03c3\u03b5\u03b9 \u03c4\u03b1 \u03b4\u03cd\u03bf \u03c7\u03c1\u03cc\u03bd\u03b9\u03b1, \u03b5\u03bd\u03ce \u03bc\u03c0\u03bf\u03c1\u03bf\u03cd\u03bd \u03bd\u03b1 \u03b1\u03bd\u03c4\u03ad\u03be\u03bf\u03c5\u03bd \u03c7\u03c9\u03c1\u03af\u03c2 \u03c4\u03c1\u03bf\u03c6\u03ae \u03ad\u03c9\u03c2 \u03ba\u03b1\u03b9 \u03ad\u03bd\u03b1\u03bd \u03c7\u03c1\u03cc\u03bd\u03bf. \u0396\u03bf\u03c5\u03bd \u03bf\u03bc\u03b1\u03b4\u03b9\u03ba\u03ac \u03ba\u03b1\u03b9 \u03bc\u03c0\u03bf\u03c1\u03bf\u03cd\u03bd \u03bd\u03b1 \u03b2\u03c1\u03b5\u03b8\u03bf\u03cd\u03bd \u03c3\u03b5 \u03c3\u03c7\u03b9\u03c3\u03bc\u03ad\u03c2 \u03c0\u03b1\u03c4\u03c9\u03bc\u03ac\u03c4\u03c9\u03bd, \u03c4\u03bf\u03af\u03c7\u03c9\u03bd, \u03b5\u03c0\u03af\u03c0\u03bb\u03c9\u03bd, \u03c3\u03c4\u03b9\u03c2 \u03c1\u03b1\u03c6\u03ad\u03c2 \u03ba\u03b1\u03b9 \u03c4\u03bf \u03b5\u03c3\u03c9\u03c4\u03b5\u03c1\u03b9\u03ba\u03cc [...]","protected":false},"author":1,"featured_media":0,"parent":0,"menu_order":0,"comment_status":"closed","ping_status":"closed","template":"","meta":{"_mi_skip_tracking":false},"yoast_head":"<!-- This site is optimized with the Yoast SEO plugin v20.2.1 - https:\/\/yoast.com\/wordpress\/plugins\/seo\/ -->\n<title>\u039a\u03bf\u03c1\u03b9\u03bf\u03af - Agrolefkas | \u039b\u03b5\u03c5\u03ba\u03ac\u03b4\u03b1<\/title>\n<meta name=\"robots\" content=\"index, follow, max-snippet:-1, max-image-preview:large, max-video-preview:-1\" \/>\n<link rel=\"canonical\" href=\"https:\/\/agrolefkas.gr\/de\/\u03ba\u03bf\u03c1\u03b9\u03bf\u03af\/\" \/>\n<meta property=\"og:locale\" content=\"de_DE\" \/>\n<meta property=\"og:type\" content=\"article\" \/>\n<meta property=\"og:title\" content=\"\u039a\u03bf\u03c1\u03b9\u03bf\u03af - Agrolefkas | \u039b\u03b5\u03c5\u03ba\u03ac\u03b4\u03b1\" \/>\n<meta property=\"og:url\" content=\"https:\/\/agrolefkas.gr\/de\/\u03ba\u03bf\u03c1\u03b9\u03bf\u03af\/\" \/>\n<meta property=\"og:site_name\" content=\"Agrolefkas | \u039b\u03b5\u03c5\u03ba\u03ac\u03b4\u03b1\" \/>\n<meta property=\"article:publisher\" content=\"https:\/\/www.facebook.com\/rompotisaggelos\/\" \/>\n<meta name=\"twitter:card\" content=\"summary_large_image\" \/>\n<meta name=\"twitter:label1\" content=\"Gesch\u00e4tzte Lesezeit\" \/>\n\t<meta name=\"twitter:data1\" content=\"1\u00a0Minute\" \/>\n<script type=\"application\/ld+json\" class=\"yoast-schema-graph\">{\"@context\":\"https:\/\/schema.org\",\"@graph\":[{\"@type\":\"WebPage\",\"@id\":\"https:\/\/agrolefkas.gr\/he\/%ce%ba%ce%bf%cf%81%ce%b9%ce%bf%ce%af\/\",\"url\":\"https:\/\/agrolefkas.gr\/he\/%ce%ba%ce%bf%cf%81%ce%b9%ce%bf%ce%af\/\",\"name\":\"\u039a\u03bf\u03c1\u03b9\u03bf\u03af - Agrolefkas | \u039b\u03b5\u03c5\u03ba\u03ac\u03b4\u03b1\",\"isPartOf\":{\"@id\":\"https:\/\/agrolefkas.gr\/#website\"},\"datePublished\":\"2022-04-04T18:38:48+00:00\",\"dateModified\":\"2022-04-04T18:38:48+00:00\",\"breadcrumb\":{\"@id\":\"https:\/\/agrolefkas.gr\/he\/%ce%ba%ce%bf%cf%81%ce%b9%ce%bf%ce%af\/#breadcrumb\"},\"inLanguage\":\"de\",\"potentialAction\":[{\"@type\":\"ReadAction\",\"target\":[\"https:\/\/agrolefkas.gr\/he\/%ce%ba%ce%bf%cf%81%ce%b9%ce%bf%ce%af\/\"]}]},{\"@type\":\"BreadcrumbList\",\"@id\":\"https:\/\/agrolefkas.gr\/he\/%ce%ba%ce%bf%cf%81%ce%b9%ce%bf%ce%af\/#breadcrumb\",\"itemListElement\":[{\"@type\":\"ListItem\",\"position\":1,\"name\":\"Home\",\"item\":\"https:\/\/agrolefkas.gr\/\"},{\"@type\":\"ListItem\",\"position\":2,\"name\":\"\u039a\u03bf\u03c1\u03b9\u03bf\u03af\"}]},{\"@type\":\"WebSite\",\"@id\":\"https:\/\/agrolefkas.gr\/#website\",\"url\":\"https:\/\/agrolefkas.gr\/\",\"name\":\"Agrolefkas | \u039b\u03b5\u03c5\u03ba\u03ac\u03b4\u03b1\",\"description\":\"\u0391\u03a0\u0395\u039d\u03a4\u039f\u039c\u03a9\u03a3\u0395\u0399\u03a3,  \u039c\u03a5\u039f\u039a\u03a4\u039f\u039d\u0399\u0395\u03a3,  \u0391\u03a0\u039f\u039b\u03a5\u039c\u0391\u039d\u03a3\u0395\u0399\u03a3, \u039b\u0395\u03a5\u039a\u0391\u0394\u0391\",\"publisher\":{\"@id\":\"https:\/\/agrolefkas.gr\/#organization\"},\"potentialAction\":[{\"@type\":\"SearchAction\",\"target\":{\"@type\":\"EntryPoint\",\"urlTemplate\":\"https:\/\/agrolefkas.gr\/?s={search_term_string}\"},\"query-input\":\"required name=search_term_string\"}],\"inLanguage\":\"de\"},{\"@type\":\"Organization\",\"@id\":\"https:\/\/agrolefkas.gr\/#organization\",\"name\":\"Agrolefkas | \u039b\u03b5\u03c5\u03ba\u03ac\u03b4\u03b1\",\"url\":\"https:\/\/agrolefkas.gr\/\",\"logo\":{\"@type\":\"ImageObject\",\"inLanguage\":\"de\",\"@id\":\"https:\/\/agrolefkas.gr\/#\/schema\/logo\/image\/\",\"url\":\"https:\/\/agrolefkas.gr\/wp-content\/uploads\/2021\/04\/logo_transparent.png\",\"contentUrl\":\"https:\/\/agrolefkas.gr\/wp-content\/uploads\/2021\/04\/logo_transparent.png\",\"width\":4358,\"height\":3306,\"caption\":\"Agrolefkas | \u039b\u03b5\u03c5\u03ba\u03ac\u03b4\u03b1\"},\"image\":{\"@id\":\"https:\/\/agrolefkas.gr\/#\/schema\/logo\/image\/\"},\"sameAs\":[\"https:\/\/www.facebook.com\/rompotisaggelos\/\"]}]}<\/script>\n<!-- \/ Yoast SEO plugin. -->","yoast_head_json":{"title":"\u039a\u03bf\u03c1\u03b9\u03bf\u03af - Agrolefkas | \u039b\u03b5\u03c5\u03ba\u03ac\u03b4\u03b1","robots":{"index":"index","follow":"follow","max-snippet":"max-snippet:-1","max-image-preview":"max-image-preview:large","max-video-preview":"max-video-preview:-1"},"canonical":"https:\/\/agrolefkas.gr\/de\/\u03ba\u03bf\u03c1\u03b9\u03bf\u03af\/","og_locale":"de_DE","og_type":"article","og_title":"\u039a\u03bf\u03c1\u03b9\u03bf\u03af - Agrolefkas | \u039b\u03b5\u03c5\u03ba\u03ac\u03b4\u03b1","og_url":"https:\/\/agrolefkas.gr\/de\/\u03ba\u03bf\u03c1\u03b9\u03bf\u03af\/","og_site_name":"Agrolefkas | \u039b\u03b5\u03c5\u03ba\u03ac\u03b4\u03b1","article_publisher":"https:\/\/www.facebook.com\/rompotisaggelos\/","twitter_card":"summary_large_image","twitter_misc":{"Gesch\u00e4tzte Lesezeit":"1\u00a0Minute"},"schema":{"@context":"https:\/\/schema.org","@graph":[{"@type":"WebPage","@id":"https:\/\/agrolefkas.gr\/he\/%ce%ba%ce%bf%cf%81%ce%b9%ce%bf%ce%af\/","url":"https:\/\/agrolefkas.gr\/he\/%ce%ba%ce%bf%cf%81%ce%b9%ce%bf%ce%af\/","name":"\u039a\u03bf\u03c1\u03b9\u03bf\u03af - Agrolefkas | \u039b\u03b5\u03c5\u03ba\u03ac\u03b4\u03b1","isPartOf":{"@id":"https:\/\/agrolefkas.gr\/#website"},"datePublished":"2022-04-04T18:38:48+00:00","dateModified":"2022-04-04T18:38:48+00:00","breadcrumb":{"@id":"https:\/\/agrolefkas.gr\/he\/%ce%ba%ce%bf%cf%81%ce%b9%ce%bf%ce%af\/#breadcrumb"},"inLanguage":"de","potentialAction":[{"@type":"ReadAction","target":["https:\/\/agrolefkas.gr\/he\/%ce%ba%ce%bf%cf%81%ce%b9%ce%bf%ce%af\/"]}]},{"@type":"BreadcrumbList","@id":"https:\/\/agrolefkas.gr\/he\/%ce%ba%ce%bf%cf%81%ce%b9%ce%bf%ce%af\/#breadcrumb","itemListElement":[{"@type":"ListItem","position":1,"name":"Home","item":"https:\/\/agrolefkas.gr\/"},{"@type":"ListItem","position":2,"name":"\u039a\u03bf\u03c1\u03b9\u03bf\u03af"}]},{"@type":"WebSite","@id":"https:\/\/agrolefkas.gr\/#website","url":"https:\/\/agrolefkas.gr\/","name":"Agrolefkas | \u039b\u03b5\u03c5\u03ba\u03ac\u03b4\u03b1","description":"\u0391\u03a0\u0395\u039d\u03a4\u039f\u039c\u03a9\u03a3\u0395\u0399\u03a3,  \u039c\u03a5\u039f\u039a\u03a4\u039f\u039d\u0399\u0395\u03a3,  \u0391\u03a0\u039f\u039b\u03a5\u039c\u0391\u039d\u03a3\u0395\u0399\u03a3, \u039b\u0395\u03a5\u039a\u0391\u0394\u0391","publisher":{"@id":"https:\/\/agrolefkas.gr\/#organization"},"potentialAction":[{"@type":"SearchAction","target":{"@type":"EntryPoint","urlTemplate":"https:\/\/agrolefkas.gr\/?s={search_term_string}"},"query-input":"required name=search_term_string"}],"inLanguage":"de"},{"@type":"Organization","@id":"https:\/\/agrolefkas.gr\/#organization","name":"Agrolefkas | \u039b\u03b5\u03c5\u03ba\u03ac\u03b4\u03b1","url":"https:\/\/agrolefkas.gr\/","logo":{"@type":"ImageObject","inLanguage":"de","@id":"https:\/\/agrolefkas.gr\/#\/schema\/logo\/image\/","url":"https:\/\/agrolefkas.gr\/wp-content\/uploads\/2021\/04\/logo_transparent.png","contentUrl":"https:\/\/agrolefkas.gr\/wp-content\/uploads\/2021\/04\/logo_transparent.png","width":4358,"height":3306,"caption":"Agrolefkas | \u039b\u03b5\u03c5\u03ba\u03ac\u03b4\u03b1"},"image":{"@id":"https:\/\/agrolefkas.gr\/#\/schema\/logo\/image\/"},"sameAs":["https:\/\/www.facebook.com\/rompotisaggelos\/"]}]}},"_links":{"self":[{"href":"https:\/\/agrolefkas.gr\/de\/wp-json\/wp\/v2\/pages\/9810"}],"collection":[{"href":"https:\/\/agrolefkas.gr\/de\/wp-json\/wp\/v2\/pages"}],"about":[{"href":"https:\/\/agrolefkas.gr\/de\/wp-json\/wp\/v2\/types\/page"}],"author":[{"embeddable":true,"href":"https:\/\/agrolefkas.gr\/de\/wp-json\/wp\/v2\/users\/1"}],"replies":[{"embeddable":true,"href":"https:\/\/agrolefkas.gr\/de\/wp-json\/wp\/v2\/comments?post=9810"}],"version-history":[{"count":1,"href":"https:\/\/agrolefkas.gr\/de\/wp-json\/wp\/v2\/pages\/9810\/revisions"}],"predecessor-version":[{"id":9818,"href":"https:\/\/agrolefkas.gr\/de\/wp-json\/wp\/v2\/pages\/9810\/revisions\/9818"}],"wp:attachment":[{"href":"https:\/\/agrolefkas.gr\/de\/wp-json\/wp\/v2\/media?parent=9810"}],"curies":[{"name":"wp","href":"https:\/\/api.w.org\/{rel}","templated":true}]}}