{"id":9812,"date":"2022-04-04T18:42:23","date_gmt":"2022-04-04T18:42:23","guid":{"rendered":"https:\/\/agrolefkas.gr\/?page_id=9812"},"modified":"2022-04-04T18:42:23","modified_gmt":"2022-04-04T18:42:23","slug":"%cf%85%cf%80%ce%bf%ce%ba%ce%b1%cf%80%ce%bd%ce%b9%cf%83%ce%bc%ce%bf%ce%af","status":"publish","type":"page","link":"https:\/\/agrolefkas.gr\/de\/%cf%85%cf%80%ce%bf%ce%ba%ce%b1%cf%80%ce%bd%ce%b9%cf%83%ce%bc%ce%bf%ce%af\/","title":{"rendered":"Begasungen"},"content":{"rendered":"<div class=\"vc_row wpb_row vc_row-fluid\"><div class=\"wpb_column vc_column_container vc_col-sm-12\"><div class=\"vc_column-inner\"><div class=\"wpb_wrapper\"><div class='dt-sc-title script-with-sub-title aligncenter'><h6>Wir k\u00fcmmern uns um die Umwelt<\/h6><h3>Begasungen<\/h3><\/div><div class=\"ult-spacer spacer-69e4f06b46a3e\" data-id=\"69e4f06b46a3e\" data-height=\"40\" data-height-mobile=\"20\" data-height-tab=\"30\" data-height-tab-portrait=\"30\" data-height-mobile-landscape=\"20\" style=\"clear:both;display:block;\"><\/div><\/div><\/div><\/div><\/div><div data-vc-full-width=\"true\" data-vc-full-width-init=\"false\" class=\"vc_row wpb_row vc_row-fluid\"><div class=\"wpb_column vc_column_container vc_col-sm-12\"><div class=\"vc_column-inner\"><div class=\"wpb_wrapper\"><div class=\"vc_row wpb_row vc_inner vc_row-fluid vc_row-o-equal-height vc_row-o-content-middle vc_row-flex\"><div class=\"wpb_column vc_column_container vc_col-sm-12\"><div class=\"vc_column-inner\"><div class=\"wpb_wrapper\">\r\n\t<div class=\"wpb_text_column wpb_content_element\" >\r\n\t\t<div class=\"wpb_wrapper\">\r\n\t\t\t<h5>Was ist Begasung (Fumigation): die Anwendung zur Bek\u00e4mpfung und Bek\u00e4mpfung von Insekten in einem geschlossenen Raum unter Verwendung eines insektiziden Pr\u00e4parats (Begasungsmittel) mit einer chemischen Substanz, die unter den richtigen Bedingungen (Feuchtigkeit, Temperatur, Druck) in einem Raum ein giftiges Gas erzeugt Konzentration, t\u00f6dlich f\u00fcr die verschiedenen Arten von Sch\u00e4dlingen.<\/h5>\n<h5><span class=\"wixGuard\">\u200b<\/span>Vorteile:<\/h5>\n<ul>\n<li class=\"font_8\">\n<h5>Sie sind f\u00fcr alle Insektenstadien giftig, sodass wir Sch\u00e4dlinge vollst\u00e4ndig bek\u00e4mpfen k\u00f6nnen.<\/h5>\n<\/li>\n<li class=\"font_8\">\n<h5>Dies ist normalerweise der schnellste Weg zur Kontrolle und zum Kampf<\/h5>\n<\/li>\n<li class=\"font_8\">\n<h5>Durch die Begasung erzielen wir bessere Ergebnisse, weil sie an Stellen gelangt, an die andere Methoden nicht gelangen k\u00f6nnen, wie zum Beispiel kleine L\u00f6cher in einem gro\u00dfen Produkthaufen.<\/h5>\n<\/li>\n<\/ul>\n<h5>Begasungsanwendung in verschiedenen Produkten und an verschiedenen Orten:<\/h5>\n<ul>\n<li class=\"font_8\">\n<h5>Handelsschiffe<\/h5>\n<\/li>\n<li class=\"font_8\">\n<h5>Getreidelager und Silos<\/h5>\n<\/li>\n<li class=\"font_8\">\n<h5>Holzcontainer<\/h5>\n<\/li>\n<li class=\"font_8\">\n<h5>Branchen<\/h5>\n<\/li>\n<\/ul>\n\r\n\t\t<\/div>\r\n\t<\/div>\r\n<\/div><\/div><\/div><\/div><\/div><\/div><\/div><\/div><div class=\"vc_row-full-width vc_clearfix\"><\/div><!-- Row Backgrounds --><\/p>","protected":false},"excerpt":{"rendered":"\u039d\u03bf\u03b9\u03b1\u03b6\u03cc\u03bc\u03b1\u03c3\u03c4\u03b5 \u03b3\u03b9\u03b1 \u03c4\u03bf \u03c0\u03b5\u03c1\u03b9\u03b2\u03ac\u03bb\u03bb\u03bf\u03bd\u03a5\u03c0\u03bf\u03ba\u03b1\u03c0\u03bd\u03b9\u03c3\u03bc\u03bf\u03af \u03a4\u03b9 \u03b5\u03af\u03bd\u03b1\u03b9 \u03bf\u00a0\u03c5\u03c0\u03bf\u03ba\u03b1\u03c0\u03bd\u03b9\u03c3\u03bc\u03cc\u03c2\u00a0(fumigation): \u03b7 \u03b5\u03c6\u03b1\u03c1\u03bc\u03bf\u03b3\u03ae \u03b3\u03b9\u03b1 \u03c4\u03b7\u03bd \u03ba\u03b1\u03c4\u03b1\u03c0\u03bf\u03bb\u03ad\u03bc\u03b7\u03c3\u03b7 \u03ba\u03b9 \u03ad\u03bb\u03b5\u03b3\u03c7\u03bf \u03c4\u03c9\u03bd \u03b5\u03bd\u03c4\u03cc\u03bc\u03c9\u03bd \u03bc\u03ad\u03c3\u03b1 \u03c3\u03b5 \u03ba\u03bb\u03b5\u03b9\u03c3\u03c4\u03cc \u03c7\u03ce\u03c1\u03bf, \u03ba\u03ac\u03bd\u03bf\u03bd\u03c4\u03b1\u03c2 \u03c7\u03c1\u03ae\u03c3\u03b7\u03c2 \u03b5\u03bd\u03c4\u03bf\u03bc\u03bf\u03ba\u03c4\u03cc\u03bd\u03bf\u03c5 \u03c3\u03ba\u03b5\u03c5\u03ac\u03c3\u03bc\u03b1\u03c4\u03bf\u03c2 (\u03ba\u03b1\u03c0\u03bd\u03bf\u03b3\u03cc\u03bd\u03bf\u03c5) \u03bc\u03b5 \u03c7\u03b7\u03bc\u03b9\u03ba\u03ae \u03bf\u03c5\u03c3\u03af\u03b1 \u03c0\u03bf\u03c5 \u03c3\u03c4\u03b9\u03c2 \u03ba\u03b1\u03c4\u03ac\u03bb\u03bb\u03b7\u03bb\u03b5\u03c2 \u03c3\u03c5\u03bd\u03b8\u03ae\u03ba\u03b5\u03c2 (\u03c5\u03b3\u03c1\u03b1\u03c3\u03af\u03b1, \u03b8\u03b5\u03c1\u03bc\u03bf\u03ba\u03c1\u03b1\u03c3\u03af\u03b1, \u03c0\u03af\u03b5\u03c3\u03b7) \u03c0\u03b1\u03c1\u03ac\u03b3\u03b5\u03b9 \u03c4\u03bf\u03be\u03b9\u03ba\u03cc \u03b1\u03ad\u03c1\u03b9\u03bf \u03c3\u03b5 \u03c3\u03c5\u03b3\u03ba\u03ad\u03bd\u03c4\u03c1\u03c9\u03c3\u03b7, \u03b8\u03b1\u03bd\u03b1\u03c4\u03b7\u03c6\u03cc\u03c1\u03bf \u03c3\u03c4\u03b1 \u03b4\u03b9\u03ac\u03c6\u03bf\u03c1\u03b1 \u03b5\u03af\u03b4\u03b7 \u03c0\u03b1\u03c1\u03ac\u03c3\u03b9\u03c4\u03c9\u03bd. \u200b\u03a0\u03bb\u03b5\u03bf\u03bd\u03b5\u03ba\u03c4\u03ae\u03bc\u03b1\u03c4\u03b1: \u0395\u03af\u03bd\u03b1\u03b9 \u03c4\u03bf\u03be\u03b9\u03ba\u03ac \u03c3\u03b5 \u03cc\u03bb\u03b1 \u03c4\u03b1 \u03c3\u03c4\u03ac\u03b4\u03b9\u03b1 \u03c4\u03c9\u03bd \u03b5\u03bd\u03c4\u03cc\u03bc\u03c9\u03bd, \u03ac\u03c1\u03b1 [...]","protected":false},"author":1,"featured_media":0,"parent":0,"menu_order":0,"comment_status":"closed","ping_status":"closed","template":"","meta":{"_mi_skip_tracking":false},"yoast_head":"<!-- This site is optimized with the Yoast SEO plugin v20.2.1 - https:\/\/yoast.com\/wordpress\/plugins\/seo\/ -->\n<title>\u03a5\u03c0\u03bf\u03ba\u03b1\u03c0\u03bd\u03b9\u03c3\u03bc\u03bf\u03af - Agrolefkas | \u039b\u03b5\u03c5\u03ba\u03ac\u03b4\u03b1<\/title>\n<meta name=\"robots\" content=\"index, follow, max-snippet:-1, max-image-preview:large, max-video-preview:-1\" \/>\n<link rel=\"canonical\" href=\"https:\/\/agrolefkas.gr\/de\/\u03c5\u03c0\u03bf\u03ba\u03b1\u03c0\u03bd\u03b9\u03c3\u03bc\u03bf\u03af\/\" \/>\n<meta property=\"og:locale\" content=\"de_DE\" \/>\n<meta property=\"og:type\" content=\"article\" \/>\n<meta property=\"og:title\" content=\"\u03a5\u03c0\u03bf\u03ba\u03b1\u03c0\u03bd\u03b9\u03c3\u03bc\u03bf\u03af - Agrolefkas | \u039b\u03b5\u03c5\u03ba\u03ac\u03b4\u03b1\" \/>\n<meta property=\"og:url\" content=\"https:\/\/agrolefkas.gr\/de\/\u03c5\u03c0\u03bf\u03ba\u03b1\u03c0\u03bd\u03b9\u03c3\u03bc\u03bf\u03af\/\" \/>\n<meta property=\"og:site_name\" content=\"Agrolefkas | \u039b\u03b5\u03c5\u03ba\u03ac\u03b4\u03b1\" \/>\n<meta property=\"article:publisher\" content=\"https:\/\/www.facebook.com\/rompotisaggelos\/\" \/>\n<meta name=\"twitter:card\" content=\"summary_large_image\" \/>\n<meta name=\"twitter:label1\" content=\"Gesch\u00e4tzte Lesezeit\" \/>\n\t<meta name=\"twitter:data1\" content=\"1\u00a0Minute\" \/>\n<script type=\"application\/ld+json\" class=\"yoast-schema-graph\">{\"@context\":\"https:\/\/schema.org\",\"@graph\":[{\"@type\":\"WebPage\",\"@id\":\"https:\/\/agrolefkas.gr\/%cf%85%cf%80%ce%bf%ce%ba%ce%b1%cf%80%ce%bd%ce%b9%cf%83%ce%bc%ce%bf%ce%af\/\",\"url\":\"https:\/\/agrolefkas.gr\/%cf%85%cf%80%ce%bf%ce%ba%ce%b1%cf%80%ce%bd%ce%b9%cf%83%ce%bc%ce%bf%ce%af\/\",\"name\":\"\u03a5\u03c0\u03bf\u03ba\u03b1\u03c0\u03bd\u03b9\u03c3\u03bc\u03bf\u03af - Agrolefkas | \u039b\u03b5\u03c5\u03ba\u03ac\u03b4\u03b1\",\"isPartOf\":{\"@id\":\"https:\/\/agrolefkas.gr\/#website\"},\"datePublished\":\"2022-04-04T18:42:23+00:00\",\"dateModified\":\"2022-04-04T18:42:23+00:00\",\"breadcrumb\":{\"@id\":\"https:\/\/agrolefkas.gr\/%cf%85%cf%80%ce%bf%ce%ba%ce%b1%cf%80%ce%bd%ce%b9%cf%83%ce%bc%ce%bf%ce%af\/#breadcrumb\"},\"inLanguage\":\"de\",\"potentialAction\":[{\"@type\":\"ReadAction\",\"target\":[\"https:\/\/agrolefkas.gr\/%cf%85%cf%80%ce%bf%ce%ba%ce%b1%cf%80%ce%bd%ce%b9%cf%83%ce%bc%ce%bf%ce%af\/\"]}]},{\"@type\":\"BreadcrumbList\",\"@id\":\"https:\/\/agrolefkas.gr\/%cf%85%cf%80%ce%bf%ce%ba%ce%b1%cf%80%ce%bd%ce%b9%cf%83%ce%bc%ce%bf%ce%af\/#breadcrumb\",\"itemListElement\":[{\"@type\":\"ListItem\",\"position\":1,\"name\":\"Home\",\"item\":\"https:\/\/agrolefkas.gr\/\"},{\"@type\":\"ListItem\",\"position\":2,\"name\":\"\u03a5\u03c0\u03bf\u03ba\u03b1\u03c0\u03bd\u03b9\u03c3\u03bc\u03bf\u03af\"}]},{\"@type\":\"WebSite\",\"@id\":\"https:\/\/agrolefkas.gr\/#website\",\"url\":\"https:\/\/agrolefkas.gr\/\",\"name\":\"Agrolefkas | \u039b\u03b5\u03c5\u03ba\u03ac\u03b4\u03b1\",\"description\":\"\u0391\u03a0\u0395\u039d\u03a4\u039f\u039c\u03a9\u03a3\u0395\u0399\u03a3,  \u039c\u03a5\u039f\u039a\u03a4\u039f\u039d\u0399\u0395\u03a3,  \u0391\u03a0\u039f\u039b\u03a5\u039c\u0391\u039d\u03a3\u0395\u0399\u03a3, \u039b\u0395\u03a5\u039a\u0391\u0394\u0391\",\"publisher\":{\"@id\":\"https:\/\/agrolefkas.gr\/#organization\"},\"potentialAction\":[{\"@type\":\"SearchAction\",\"target\":{\"@type\":\"EntryPoint\",\"urlTemplate\":\"https:\/\/agrolefkas.gr\/?s={search_term_string}\"},\"query-input\":\"required name=search_term_string\"}],\"inLanguage\":\"de\"},{\"@type\":\"Organization\",\"@id\":\"https:\/\/agrolefkas.gr\/#organization\",\"name\":\"Agrolefkas | \u039b\u03b5\u03c5\u03ba\u03ac\u03b4\u03b1\",\"url\":\"https:\/\/agrolefkas.gr\/\",\"logo\":{\"@type\":\"ImageObject\",\"inLanguage\":\"de\",\"@id\":\"https:\/\/agrolefkas.gr\/#\/schema\/logo\/image\/\",\"url\":\"https:\/\/agrolefkas.gr\/wp-content\/uploads\/2021\/04\/logo_transparent.png\",\"contentUrl\":\"https:\/\/agrolefkas.gr\/wp-content\/uploads\/2021\/04\/logo_transparent.png\",\"width\":4358,\"height\":3306,\"caption\":\"Agrolefkas | \u039b\u03b5\u03c5\u03ba\u03ac\u03b4\u03b1\"},\"image\":{\"@id\":\"https:\/\/agrolefkas.gr\/#\/schema\/logo\/image\/\"},\"sameAs\":[\"https:\/\/www.facebook.com\/rompotisaggelos\/\"]}]}<\/script>\n<!-- \/ Yoast SEO plugin. -->","yoast_head_json":{"title":"\u03a5\u03c0\u03bf\u03ba\u03b1\u03c0\u03bd\u03b9\u03c3\u03bc\u03bf\u03af - Agrolefkas | \u039b\u03b5\u03c5\u03ba\u03ac\u03b4\u03b1","robots":{"index":"index","follow":"follow","max-snippet":"max-snippet:-1","max-image-preview":"max-image-preview:large","max-video-preview":"max-video-preview:-1"},"canonical":"https:\/\/agrolefkas.gr\/de\/\u03c5\u03c0\u03bf\u03ba\u03b1\u03c0\u03bd\u03b9\u03c3\u03bc\u03bf\u03af\/","og_locale":"de_DE","og_type":"article","og_title":"\u03a5\u03c0\u03bf\u03ba\u03b1\u03c0\u03bd\u03b9\u03c3\u03bc\u03bf\u03af - Agrolefkas | \u039b\u03b5\u03c5\u03ba\u03ac\u03b4\u03b1","og_url":"https:\/\/agrolefkas.gr\/de\/\u03c5\u03c0\u03bf\u03ba\u03b1\u03c0\u03bd\u03b9\u03c3\u03bc\u03bf\u03af\/","og_site_name":"Agrolefkas | \u039b\u03b5\u03c5\u03ba\u03ac\u03b4\u03b1","article_publisher":"https:\/\/www.facebook.com\/rompotisaggelos\/","twitter_card":"summary_large_image","twitter_misc":{"Gesch\u00e4tzte Lesezeit":"1\u00a0Minute"},"schema":{"@context":"https:\/\/schema.org","@graph":[{"@type":"WebPage","@id":"https:\/\/agrolefkas.gr\/%cf%85%cf%80%ce%bf%ce%ba%ce%b1%cf%80%ce%bd%ce%b9%cf%83%ce%bc%ce%bf%ce%af\/","url":"https:\/\/agrolefkas.gr\/%cf%85%cf%80%ce%bf%ce%ba%ce%b1%cf%80%ce%bd%ce%b9%cf%83%ce%bc%ce%bf%ce%af\/","name":"\u03a5\u03c0\u03bf\u03ba\u03b1\u03c0\u03bd\u03b9\u03c3\u03bc\u03bf\u03af - Agrolefkas | \u039b\u03b5\u03c5\u03ba\u03ac\u03b4\u03b1","isPartOf":{"@id":"https:\/\/agrolefkas.gr\/#website"},"datePublished":"2022-04-04T18:42:23+00:00","dateModified":"2022-04-04T18:42:23+00:00","breadcrumb":{"@id":"https:\/\/agrolefkas.gr\/%cf%85%cf%80%ce%bf%ce%ba%ce%b1%cf%80%ce%bd%ce%b9%cf%83%ce%bc%ce%bf%ce%af\/#breadcrumb"},"inLanguage":"de","potentialAction":[{"@type":"ReadAction","target":["https:\/\/agrolefkas.gr\/%cf%85%cf%80%ce%bf%ce%ba%ce%b1%cf%80%ce%bd%ce%b9%cf%83%ce%bc%ce%bf%ce%af\/"]}]},{"@type":"BreadcrumbList","@id":"https:\/\/agrolefkas.gr\/%cf%85%cf%80%ce%bf%ce%ba%ce%b1%cf%80%ce%bd%ce%b9%cf%83%ce%bc%ce%bf%ce%af\/#breadcrumb","itemListElement":[{"@type":"ListItem","position":1,"name":"Home","item":"https:\/\/agrolefkas.gr\/"},{"@type":"ListItem","position":2,"name":"\u03a5\u03c0\u03bf\u03ba\u03b1\u03c0\u03bd\u03b9\u03c3\u03bc\u03bf\u03af"}]},{"@type":"WebSite","@id":"https:\/\/agrolefkas.gr\/#website","url":"https:\/\/agrolefkas.gr\/","name":"Agrolefkas | \u039b\u03b5\u03c5\u03ba\u03ac\u03b4\u03b1","description":"\u0391\u03a0\u0395\u039d\u03a4\u039f\u039c\u03a9\u03a3\u0395\u0399\u03a3,  \u039c\u03a5\u039f\u039a\u03a4\u039f\u039d\u0399\u0395\u03a3,  \u0391\u03a0\u039f\u039b\u03a5\u039c\u0391\u039d\u03a3\u0395\u0399\u03a3, \u039b\u0395\u03a5\u039a\u0391\u0394\u0391","publisher":{"@id":"https:\/\/agrolefkas.gr\/#organization"},"potentialAction":[{"@type":"SearchAction","target":{"@type":"EntryPoint","urlTemplate":"https:\/\/agrolefkas.gr\/?s={search_term_string}"},"query-input":"required name=search_term_string"}],"inLanguage":"de"},{"@type":"Organization","@id":"https:\/\/agrolefkas.gr\/#organization","name":"Agrolefkas | \u039b\u03b5\u03c5\u03ba\u03ac\u03b4\u03b1","url":"https:\/\/agrolefkas.gr\/","logo":{"@type":"ImageObject","inLanguage":"de","@id":"https:\/\/agrolefkas.gr\/#\/schema\/logo\/image\/","url":"https:\/\/agrolefkas.gr\/wp-content\/uploads\/2021\/04\/logo_transparent.png","contentUrl":"https:\/\/agrolefkas.gr\/wp-content\/uploads\/2021\/04\/logo_transparent.png","width":4358,"height":3306,"caption":"Agrolefkas | \u039b\u03b5\u03c5\u03ba\u03ac\u03b4\u03b1"},"image":{"@id":"https:\/\/agrolefkas.gr\/#\/schema\/logo\/image\/"},"sameAs":["https:\/\/www.facebook.com\/rompotisaggelos\/"]}]}},"_links":{"self":[{"href":"https:\/\/agrolefkas.gr\/de\/wp-json\/wp\/v2\/pages\/9812"}],"collection":[{"href":"https:\/\/agrolefkas.gr\/de\/wp-json\/wp\/v2\/pages"}],"about":[{"href":"https:\/\/agrolefkas.gr\/de\/wp-json\/wp\/v2\/types\/page"}],"author":[{"embeddable":true,"href":"https:\/\/agrolefkas.gr\/de\/wp-json\/wp\/v2\/users\/1"}],"replies":[{"embeddable":true,"href":"https:\/\/agrolefkas.gr\/de\/wp-json\/wp\/v2\/comments?post=9812"}],"version-history":[{"count":1,"href":"https:\/\/agrolefkas.gr\/de\/wp-json\/wp\/v2\/pages\/9812\/revisions"}],"predecessor-version":[{"id":9820,"href":"https:\/\/agrolefkas.gr\/de\/wp-json\/wp\/v2\/pages\/9812\/revisions\/9820"}],"wp:attachment":[{"href":"https:\/\/agrolefkas.gr\/de\/wp-json\/wp\/v2\/media?parent=9812"}],"curies":[{"name":"wp","href":"https:\/\/api.w.org\/{rel}","templated":true}]}}