{"id":9821,"date":"2022-04-04T18:43:25","date_gmt":"2022-04-04T18:43:25","guid":{"rendered":"https:\/\/agrolefkas.gr\/?page_id=9821"},"modified":"2022-04-05T16:23:01","modified_gmt":"2022-04-05T16:23:01","slug":"%ce%ba%ce%b1%cf%84%ce%b1%cf%83%ce%ba%ce%b5%cf%8d%ce%b7-%ce%ba%ce%ae%cf%80%cf%89%ce%bd","status":"publish","type":"page","link":"https:\/\/agrolefkas.gr\/de\/%ce%ba%ce%b1%cf%84%ce%b1%cf%83%ce%ba%ce%b5%cf%8d%ce%b7-%ce%ba%ce%ae%cf%80%cf%89%ce%bd\/","title":{"rendered":"Gartenbau"},"content":{"rendered":"<div class=\"vc_row wpb_row vc_row-fluid\"><div class=\"wpb_column vc_column_container vc_col-sm-12\"><div class=\"vc_column-inner\"><div class=\"wpb_wrapper\"><div class='dt-sc-title script-with-sub-title aligncenter'><h6>Wir k\u00fcmmern uns um die Umwelt<\/h6><h3>Gartenbau<\/h3><\/div><div class=\"ult-spacer spacer-69fd0241c797a\" data-id=\"69fd0241c797a\" data-height=\"40\" data-height-mobile=\"20\" data-height-tab=\"30\" data-height-tab-portrait=\"30\" data-height-mobile-landscape=\"20\" style=\"clear:both;display:block;\"><\/div><div class=\"vc_row wpb_row vc_inner vc_row-fluid\"><div class=\"rs_col-sm-6 wpb_column vc_column_container vc_col-sm-3 vc_col-lg-3 vc_col-md-6\"><div class=\"vc_column-inner\"><div class=\"wpb_wrapper\"><div class='dt-sc-image-caption type3'><div class='dt-sc-image-wrapper'><img width=\"600\" height=\"480\" src=\"https:\/\/agrolefkas.gr\/wp-content\/uploads\/2022\/03\/gardening-guide-.jpg\" class=\"attachment-full\" alt=\"\" decoding=\"async\" loading=\"lazy\" srcset=\"https:\/\/agrolefkas.gr\/wp-content\/uploads\/2022\/03\/gardening-guide-.jpg 600w, https:\/\/agrolefkas.gr\/wp-content\/uploads\/2022\/03\/gardening-guide--300x240.jpg 300w, https:\/\/agrolefkas.gr\/wp-content\/uploads\/2022\/03\/gardening-guide--150x120.jpg 150w, https:\/\/agrolefkas.gr\/wp-content\/uploads\/2022\/03\/gardening-guide--540x432.jpg 540w, https:\/\/agrolefkas.gr\/wp-content\/uploads\/2022\/03\/gardening-guide--420x336.jpg 420w\" sizes=\"(max-width: 600px) 100vw, 600px\" \/><div class='icon-wrapper'><span class='icon icon-wheelbarrow'> <\/span><\/div><\/div><div class='dt-sc-image-content without-additional-content'><div class='dt-sc-image-title'><h3>Gartenpflege<\/h3><\/div><p>Agrolefkas k\u00fcmmert sich das ganze Jahr \u00fcber um die Gartenpflege mit spezifischen Programmen, die ein Gleichgewicht zur Sch\u00f6nheit Ihres Gartens bieten. Jeder Eingriff, der stattfindet, wird von einem erfahrenen Agronomen \u00fcberwacht, der f\u00fcr das Projekt verantwortlich ist!<\/p><\/div><\/div><\/div><\/div><\/div><div class=\"wpb_column vc_column_container vc_col-sm-3\"><div class=\"vc_column-inner\"><div class=\"wpb_wrapper\"><div class='dt-sc-image-caption type3'><div class='dt-sc-image-wrapper'><img width=\"600\" height=\"480\" src=\"https:\/\/agrolefkas.gr\/wp-content\/uploads\/2022\/03\/gardening-guide-.jpg\" class=\"attachment-full\" alt=\"\" decoding=\"async\" loading=\"lazy\" srcset=\"https:\/\/agrolefkas.gr\/wp-content\/uploads\/2022\/03\/gardening-guide-.jpg 600w, https:\/\/agrolefkas.gr\/wp-content\/uploads\/2022\/03\/gardening-guide--300x240.jpg 300w, https:\/\/agrolefkas.gr\/wp-content\/uploads\/2022\/03\/gardening-guide--150x120.jpg 150w, https:\/\/agrolefkas.gr\/wp-content\/uploads\/2022\/03\/gardening-guide--540x432.jpg 540w, https:\/\/agrolefkas.gr\/wp-content\/uploads\/2022\/03\/gardening-guide--420x336.jpg 420w\" sizes=\"(max-width: 600px) 100vw, 600px\" \/><div class='icon-wrapper'><span class='icon icon-house'> <\/span><\/div><\/div><div class='dt-sc-image-content without-additional-content'><div class='dt-sc-image-title'><h3><a href=\"https:\/\/agrolefkas.gr\/de\/%ce%b1%cf%80%ce%b5%ce%bd%cf%84%ce%bf%ce%bc%cf%8e%cf%83%ce%b5%ce%b9%cf%82\/\" target=\"_self\">Studiendesign<\/a><\/h3><\/div><p>Je nach Bedarf, Boden- und Klimaverh\u00e4ltnissen und ggf. in Zusammenarbeit mit einem Landschaftsarchitekten gestalten wir Ihren Garten. Der Zweck dieser Ma\u00dfnahmen besteht darin, einen Garten mit minimalen Anschaffungs- und Wartungskosten zu erhalten<\/p><\/div><\/div><\/div><\/div><\/div><div class=\"wpb_column vc_column_container vc_col-sm-3\"><div class=\"vc_column-inner\"><div class=\"wpb_wrapper\"><div class='dt-sc-image-caption type3'><div class='dt-sc-image-wrapper'><img width=\"600\" height=\"480\" src=\"https:\/\/agrolefkas.gr\/wp-content\/uploads\/2022\/03\/gardening-guide-.jpg\" class=\"attachment-full\" alt=\"\" decoding=\"async\" loading=\"lazy\" srcset=\"https:\/\/agrolefkas.gr\/wp-content\/uploads\/2022\/03\/gardening-guide-.jpg 600w, https:\/\/agrolefkas.gr\/wp-content\/uploads\/2022\/03\/gardening-guide--300x240.jpg 300w, https:\/\/agrolefkas.gr\/wp-content\/uploads\/2022\/03\/gardening-guide--150x120.jpg 150w, https:\/\/agrolefkas.gr\/wp-content\/uploads\/2022\/03\/gardening-guide--540x432.jpg 540w, https:\/\/agrolefkas.gr\/wp-content\/uploads\/2022\/03\/gardening-guide--420x336.jpg 420w\" sizes=\"(max-width: 600px) 100vw, 600px\" \/><div class='icon-wrapper'><span class='icon icon-house'> <\/span><\/div><\/div><div class='dt-sc-image-content without-additional-content'><div class='dt-sc-image-title'><h3>Bau von Gr\u00fcnwerken<\/h3><\/div><p>Nach Abschluss der Studie und des Entwurfs des Projekts \u00fcbernimmt Agrolefkas den Bau mit ordnungsgem\u00e4\u00dfer Ausf\u00fchrung der Arbeiten. Unser Ziel ist das beste \u00e4sthetische Ergebnis mit den besten Einsparungen.<\/p><\/div><\/div><\/div><\/div><\/div><div class=\"wpb_column vc_column_container vc_col-sm-3\"><div class=\"vc_column-inner\"><div class=\"wpb_wrapper\"><div class='dt-sc-image-caption type3'><div class='dt-sc-image-wrapper'><img width=\"600\" height=\"480\" src=\"https:\/\/agrolefkas.gr\/wp-content\/uploads\/2022\/03\/gardening-guide-.jpg\" class=\"attachment-full\" alt=\"\" decoding=\"async\" loading=\"lazy\" srcset=\"https:\/\/agrolefkas.gr\/wp-content\/uploads\/2022\/03\/gardening-guide-.jpg 600w, https:\/\/agrolefkas.gr\/wp-content\/uploads\/2022\/03\/gardening-guide--300x240.jpg 300w, https:\/\/agrolefkas.gr\/wp-content\/uploads\/2022\/03\/gardening-guide--150x120.jpg 150w, https:\/\/agrolefkas.gr\/wp-content\/uploads\/2022\/03\/gardening-guide--540x432.jpg 540w, https:\/\/agrolefkas.gr\/wp-content\/uploads\/2022\/03\/gardening-guide--420x336.jpg 420w\" sizes=\"(max-width: 600px) 100vw, 600px\" \/><div class='icon-wrapper'><span class='icon icon-house'> <\/span><\/div><\/div><div class='dt-sc-image-content without-additional-content'><div class='dt-sc-image-title'><h3>Gr\u00fcne R\u00e4ume<\/h3><\/div><p>Schluss mit Zement.... Mit den richtigen Baustoffen und Pflanzen wird Ihr Dach gr\u00fcn! Wir k\u00f6nnen die Lebensqualit\u00e4t verbessern und Ihr Geb\u00e4ude positiv abschirmen!<\/p><\/div><\/div><\/div><\/div><\/div><\/div><\/div><\/div><\/div><\/div>","protected":false},"excerpt":{"rendered":"Wir k\u00fcmmern uns um die UmweltGartenbau Gartenpflege Agrolefkas \u00fcbernimmt das ganze Jahr \u00fcber die Gartenpflege mit spezifischen Programmen, die einen Ausgleich zur Sch\u00f6nheit Ihres Gartens bieten. Jeder durchgef\u00fchrte Eingriff wird von einem erfahrenen Agronomen \u00fcberwacht, der f\u00fcr das Projekt verantwortlich ist! Studie - PlanungEntsprechend Ihren Bed\u00fcrfnissen und den Boden- und Klimaverh\u00e4ltnissen und [...]","protected":false},"author":1,"featured_media":0,"parent":0,"menu_order":0,"comment_status":"closed","ping_status":"closed","template":"","meta":{"_mi_skip_tracking":false},"yoast_head":"<!-- This site is optimized with the Yoast SEO plugin v20.2.1 - https:\/\/yoast.com\/wordpress\/plugins\/seo\/ -->\n<title>\u039a\u03b1\u03c4\u03b1\u03c3\u03ba\u03b5\u03cd\u03b7 \u03ba\u03ae\u03c0\u03c9\u03bd - Agrolefkas | \u039b\u03b5\u03c5\u03ba\u03ac\u03b4\u03b1<\/title>\n<meta name=\"robots\" content=\"index, follow, max-snippet:-1, max-image-preview:large, max-video-preview:-1\" \/>\n<link rel=\"canonical\" href=\"https:\/\/agrolefkas.gr\/de\/\u03ba\u03b1\u03c4\u03b1\u03c3\u03ba\u03b5\u03cd\u03b7-\u03ba\u03ae\u03c0\u03c9\u03bd\/\" \/>\n<meta property=\"og:locale\" content=\"de_DE\" \/>\n<meta property=\"og:type\" content=\"article\" \/>\n<meta property=\"og:title\" content=\"\u039a\u03b1\u03c4\u03b1\u03c3\u03ba\u03b5\u03cd\u03b7 \u03ba\u03ae\u03c0\u03c9\u03bd - Agrolefkas | \u039b\u03b5\u03c5\u03ba\u03ac\u03b4\u03b1\" \/>\n<meta property=\"og:url\" content=\"https:\/\/agrolefkas.gr\/de\/\u03ba\u03b1\u03c4\u03b1\u03c3\u03ba\u03b5\u03cd\u03b7-\u03ba\u03ae\u03c0\u03c9\u03bd\/\" \/>\n<meta property=\"og:site_name\" content=\"Agrolefkas | \u039b\u03b5\u03c5\u03ba\u03ac\u03b4\u03b1\" \/>\n<meta property=\"article:publisher\" content=\"https:\/\/www.facebook.com\/rompotisaggelos\/\" \/>\n<meta property=\"article:modified_time\" content=\"2022-04-05T16:23:01+00:00\" \/>\n<meta name=\"twitter:card\" content=\"summary_large_image\" \/>\n<meta name=\"twitter:label1\" content=\"Gesch\u00e4tzte Lesezeit\" \/>\n\t<meta name=\"twitter:data1\" content=\"1\u00a0Minute\" \/>\n<script type=\"application\/ld+json\" class=\"yoast-schema-graph\">{\"@context\":\"https:\/\/schema.org\",\"@graph\":[{\"@type\":\"WebPage\",\"@id\":\"https:\/\/agrolefkas.gr\/%ce%ba%ce%b1%cf%84%ce%b1%cf%83%ce%ba%ce%b5%cf%8d%ce%b7-%ce%ba%ce%ae%cf%80%cf%89%ce%bd\/\",\"url\":\"https:\/\/agrolefkas.gr\/%ce%ba%ce%b1%cf%84%ce%b1%cf%83%ce%ba%ce%b5%cf%8d%ce%b7-%ce%ba%ce%ae%cf%80%cf%89%ce%bd\/\",\"name\":\"\u039a\u03b1\u03c4\u03b1\u03c3\u03ba\u03b5\u03cd\u03b7 \u03ba\u03ae\u03c0\u03c9\u03bd - Agrolefkas | \u039b\u03b5\u03c5\u03ba\u03ac\u03b4\u03b1\",\"isPartOf\":{\"@id\":\"https:\/\/agrolefkas.gr\/#website\"},\"datePublished\":\"2022-04-04T18:43:25+00:00\",\"dateModified\":\"2022-04-05T16:23:01+00:00\",\"breadcrumb\":{\"@id\":\"https:\/\/agrolefkas.gr\/%ce%ba%ce%b1%cf%84%ce%b1%cf%83%ce%ba%ce%b5%cf%8d%ce%b7-%ce%ba%ce%ae%cf%80%cf%89%ce%bd\/#breadcrumb\"},\"inLanguage\":\"de\",\"potentialAction\":[{\"@type\":\"ReadAction\",\"target\":[\"https:\/\/agrolefkas.gr\/%ce%ba%ce%b1%cf%84%ce%b1%cf%83%ce%ba%ce%b5%cf%8d%ce%b7-%ce%ba%ce%ae%cf%80%cf%89%ce%bd\/\"]}]},{\"@type\":\"BreadcrumbList\",\"@id\":\"https:\/\/agrolefkas.gr\/%ce%ba%ce%b1%cf%84%ce%b1%cf%83%ce%ba%ce%b5%cf%8d%ce%b7-%ce%ba%ce%ae%cf%80%cf%89%ce%bd\/#breadcrumb\",\"itemListElement\":[{\"@type\":\"ListItem\",\"position\":1,\"name\":\"Home\",\"item\":\"https:\/\/agrolefkas.gr\/\"},{\"@type\":\"ListItem\",\"position\":2,\"name\":\"\u039a\u03b1\u03c4\u03b1\u03c3\u03ba\u03b5\u03cd\u03b7 \u03ba\u03ae\u03c0\u03c9\u03bd\"}]},{\"@type\":\"WebSite\",\"@id\":\"https:\/\/agrolefkas.gr\/#website\",\"url\":\"https:\/\/agrolefkas.gr\/\",\"name\":\"Agrolefkas | \u039b\u03b5\u03c5\u03ba\u03ac\u03b4\u03b1\",\"description\":\"\u0391\u03a0\u0395\u039d\u03a4\u039f\u039c\u03a9\u03a3\u0395\u0399\u03a3,  \u039c\u03a5\u039f\u039a\u03a4\u039f\u039d\u0399\u0395\u03a3,  \u0391\u03a0\u039f\u039b\u03a5\u039c\u0391\u039d\u03a3\u0395\u0399\u03a3, \u039b\u0395\u03a5\u039a\u0391\u0394\u0391\",\"publisher\":{\"@id\":\"https:\/\/agrolefkas.gr\/#organization\"},\"potentialAction\":[{\"@type\":\"SearchAction\",\"target\":{\"@type\":\"EntryPoint\",\"urlTemplate\":\"https:\/\/agrolefkas.gr\/?s={search_term_string}\"},\"query-input\":\"required name=search_term_string\"}],\"inLanguage\":\"de\"},{\"@type\":\"Organization\",\"@id\":\"https:\/\/agrolefkas.gr\/#organization\",\"name\":\"Agrolefkas | \u039b\u03b5\u03c5\u03ba\u03ac\u03b4\u03b1\",\"url\":\"https:\/\/agrolefkas.gr\/\",\"logo\":{\"@type\":\"ImageObject\",\"inLanguage\":\"de\",\"@id\":\"https:\/\/agrolefkas.gr\/#\/schema\/logo\/image\/\",\"url\":\"https:\/\/agrolefkas.gr\/wp-content\/uploads\/2021\/04\/logo_transparent.png\",\"contentUrl\":\"https:\/\/agrolefkas.gr\/wp-content\/uploads\/2021\/04\/logo_transparent.png\",\"width\":4358,\"height\":3306,\"caption\":\"Agrolefkas | \u039b\u03b5\u03c5\u03ba\u03ac\u03b4\u03b1\"},\"image\":{\"@id\":\"https:\/\/agrolefkas.gr\/#\/schema\/logo\/image\/\"},\"sameAs\":[\"https:\/\/www.facebook.com\/rompotisaggelos\/\"]}]}<\/script>\n<!-- \/ Yoast SEO plugin. -->","yoast_head_json":{"title":"\u039a\u03b1\u03c4\u03b1\u03c3\u03ba\u03b5\u03cd\u03b7 \u03ba\u03ae\u03c0\u03c9\u03bd - Agrolefkas | \u039b\u03b5\u03c5\u03ba\u03ac\u03b4\u03b1","robots":{"index":"index","follow":"follow","max-snippet":"max-snippet:-1","max-image-preview":"max-image-preview:large","max-video-preview":"max-video-preview:-1"},"canonical":"https:\/\/agrolefkas.gr\/de\/\u03ba\u03b1\u03c4\u03b1\u03c3\u03ba\u03b5\u03cd\u03b7-\u03ba\u03ae\u03c0\u03c9\u03bd\/","og_locale":"de_DE","og_type":"article","og_title":"\u039a\u03b1\u03c4\u03b1\u03c3\u03ba\u03b5\u03cd\u03b7 \u03ba\u03ae\u03c0\u03c9\u03bd - Agrolefkas | \u039b\u03b5\u03c5\u03ba\u03ac\u03b4\u03b1","og_url":"https:\/\/agrolefkas.gr\/de\/\u03ba\u03b1\u03c4\u03b1\u03c3\u03ba\u03b5\u03cd\u03b7-\u03ba\u03ae\u03c0\u03c9\u03bd\/","og_site_name":"Agrolefkas | \u039b\u03b5\u03c5\u03ba\u03ac\u03b4\u03b1","article_publisher":"https:\/\/www.facebook.com\/rompotisaggelos\/","article_modified_time":"2022-04-05T16:23:01+00:00","twitter_card":"summary_large_image","twitter_misc":{"Gesch\u00e4tzte Lesezeit":"1\u00a0Minute"},"schema":{"@context":"https:\/\/schema.org","@graph":[{"@type":"WebPage","@id":"https:\/\/agrolefkas.gr\/%ce%ba%ce%b1%cf%84%ce%b1%cf%83%ce%ba%ce%b5%cf%8d%ce%b7-%ce%ba%ce%ae%cf%80%cf%89%ce%bd\/","url":"https:\/\/agrolefkas.gr\/%ce%ba%ce%b1%cf%84%ce%b1%cf%83%ce%ba%ce%b5%cf%8d%ce%b7-%ce%ba%ce%ae%cf%80%cf%89%ce%bd\/","name":"\u039a\u03b1\u03c4\u03b1\u03c3\u03ba\u03b5\u03cd\u03b7 \u03ba\u03ae\u03c0\u03c9\u03bd - Agrolefkas | \u039b\u03b5\u03c5\u03ba\u03ac\u03b4\u03b1","isPartOf":{"@id":"https:\/\/agrolefkas.gr\/#website"},"datePublished":"2022-04-04T18:43:25+00:00","dateModified":"2022-04-05T16:23:01+00:00","breadcrumb":{"@id":"https:\/\/agrolefkas.gr\/%ce%ba%ce%b1%cf%84%ce%b1%cf%83%ce%ba%ce%b5%cf%8d%ce%b7-%ce%ba%ce%ae%cf%80%cf%89%ce%bd\/#breadcrumb"},"inLanguage":"de","potentialAction":[{"@type":"ReadAction","target":["https:\/\/agrolefkas.gr\/%ce%ba%ce%b1%cf%84%ce%b1%cf%83%ce%ba%ce%b5%cf%8d%ce%b7-%ce%ba%ce%ae%cf%80%cf%89%ce%bd\/"]}]},{"@type":"BreadcrumbList","@id":"https:\/\/agrolefkas.gr\/%ce%ba%ce%b1%cf%84%ce%b1%cf%83%ce%ba%ce%b5%cf%8d%ce%b7-%ce%ba%ce%ae%cf%80%cf%89%ce%bd\/#breadcrumb","itemListElement":[{"@type":"ListItem","position":1,"name":"Home","item":"https:\/\/agrolefkas.gr\/"},{"@type":"ListItem","position":2,"name":"\u039a\u03b1\u03c4\u03b1\u03c3\u03ba\u03b5\u03cd\u03b7 \u03ba\u03ae\u03c0\u03c9\u03bd"}]},{"@type":"WebSite","@id":"https:\/\/agrolefkas.gr\/#website","url":"https:\/\/agrolefkas.gr\/","name":"Agrolefkas | \u039b\u03b5\u03c5\u03ba\u03ac\u03b4\u03b1","description":"\u0391\u03a0\u0395\u039d\u03a4\u039f\u039c\u03a9\u03a3\u0395\u0399\u03a3,  \u039c\u03a5\u039f\u039a\u03a4\u039f\u039d\u0399\u0395\u03a3,  \u0391\u03a0\u039f\u039b\u03a5\u039c\u0391\u039d\u03a3\u0395\u0399\u03a3, \u039b\u0395\u03a5\u039a\u0391\u0394\u0391","publisher":{"@id":"https:\/\/agrolefkas.gr\/#organization"},"potentialAction":[{"@type":"SearchAction","target":{"@type":"EntryPoint","urlTemplate":"https:\/\/agrolefkas.gr\/?s={search_term_string}"},"query-input":"required name=search_term_string"}],"inLanguage":"de"},{"@type":"Organization","@id":"https:\/\/agrolefkas.gr\/#organization","name":"Agrolefkas | \u039b\u03b5\u03c5\u03ba\u03ac\u03b4\u03b1","url":"https:\/\/agrolefkas.gr\/","logo":{"@type":"ImageObject","inLanguage":"de","@id":"https:\/\/agrolefkas.gr\/#\/schema\/logo\/image\/","url":"https:\/\/agrolefkas.gr\/wp-content\/uploads\/2021\/04\/logo_transparent.png","contentUrl":"https:\/\/agrolefkas.gr\/wp-content\/uploads\/2021\/04\/logo_transparent.png","width":4358,"height":3306,"caption":"Agrolefkas | \u039b\u03b5\u03c5\u03ba\u03ac\u03b4\u03b1"},"image":{"@id":"https:\/\/agrolefkas.gr\/#\/schema\/logo\/image\/"},"sameAs":["https:\/\/www.facebook.com\/rompotisaggelos\/"]}]}},"_links":{"self":[{"href":"https:\/\/agrolefkas.gr\/de\/wp-json\/wp\/v2\/pages\/9821"}],"collection":[{"href":"https:\/\/agrolefkas.gr\/de\/wp-json\/wp\/v2\/pages"}],"about":[{"href":"https:\/\/agrolefkas.gr\/de\/wp-json\/wp\/v2\/types\/page"}],"author":[{"embeddable":true,"href":"https:\/\/agrolefkas.gr\/de\/wp-json\/wp\/v2\/users\/1"}],"replies":[{"embeddable":true,"href":"https:\/\/agrolefkas.gr\/de\/wp-json\/wp\/v2\/comments?post=9821"}],"version-history":[{"count":5,"href":"https:\/\/agrolefkas.gr\/de\/wp-json\/wp\/v2\/pages\/9821\/revisions"}],"predecessor-version":[{"id":9834,"href":"https:\/\/agrolefkas.gr\/de\/wp-json\/wp\/v2\/pages\/9821\/revisions\/9834"}],"wp:attachment":[{"href":"https:\/\/agrolefkas.gr\/de\/wp-json\/wp\/v2\/media?parent=9821"}],"curies":[{"name":"wp","href":"https:\/\/api.w.org\/{rel}","templated":true}]}}